{"id":1186,"date":"2020-10-16T05:30:57","date_gmt":"2020-10-16T05:30:57","guid":{"rendered":"http:\/\/wordpress.iqonic.design\/kivicare\/?page_id=1186"},"modified":"2025-02-26T12:59:51","modified_gmt":"2025-02-26T12:59:51","slug":"iletisim","status":"publish","type":"page","link":"https:\/\/drmehmetturkyilmaz.com\/en\/iletisim\/","title":{"rendered":"Contact"},"content":{"rendered":"<div data-elementor-type=\"wp-page\" data-elementor-id=\"1186\" class=\"elementor elementor-1186\" data-elementor-post-type=\"page\">\n\t\t\t\t\t\t<div class=\"elementor-section elementor-top-section elementor-element elementor-element-b3fd02d elementor-section-boxed elementor-section-height-default elementor-section-height-default magic-button-disabled-no\" data-id=\"b3fd02d\" data-element_type=\"section\">\n\t\t\t\t\t\t<div class=\"elementor-container elementor-column-gap-default\">\n\t\t\t\t\t<div class=\"elementor-column elementor-col-33 elementor-top-column elementor-element elementor-element-570e941 layouts-column-align-inherit layouts-section-position-none\" data-id=\"570e941\" data-element_type=\"column\">\n\t\t\t<div class=\"elementor-widget-wrap elementor-element-populated\">\n\t\t\t\t\t\t<div class=\"hf-elementor-layout elementor-element elementor-element-88c4d3e elementor-widget elementor-widget-section_title\" data-id=\"88c4d3e\" data-element_type=\"widget\" data-widget_type=\"section_title.default\">\n\t\t\t\t<div class=\"elementor-widget-container\">\n\t\t\t\t\t\t<div class=\"iq-title-box iq-title-box-1 iq-befor-line\">\n\t\t<div class=\"iq-title-icon\">\n\t\t\t<i aria-hidden=\"true\" class=\"typcn typcn-location-outline\"><\/i>\t\t<\/div>\n\t\t<span class=\"iq-subtitle\">LOCATION<\/span>\n\t\t<h5 class=\"iq-title iq-heading-title\">\n\t\t\tPrivate Salihli Hospital\t\t<\/h5>\n\t\t\t<\/div>\n\t\t\t\t<\/div>\n\t\t\t\t<\/div>\n\t\t\t\t\t<\/div>\n\t\t<\/div>\n\t\t\t\t<div class=\"elementor-column elementor-col-33 elementor-top-column elementor-element elementor-element-969a3ba layouts-column-align-inherit layouts-section-position-none\" data-id=\"969a3ba\" data-element_type=\"column\">\n\t\t\t<div class=\"elementor-widget-wrap elementor-element-populated\">\n\t\t\t\t\t\t<div class=\"hf-elementor-layout elementor-element elementor-element-5f1027b elementor-widget elementor-widget-section_title\" data-id=\"5f1027b\" data-element_type=\"widget\" data-widget_type=\"section_title.default\">\n\t\t\t\t<div class=\"elementor-widget-container\">\n\t\t\t\t\t\t<div class=\"iq-title-box iq-title-box-1 iq-befor-line\">\n\t\t<div class=\"iq-title-icon\">\n\t\t\t<i aria-hidden=\"true\" class=\"typcn typcn-mail\"><\/i>\t\t<\/div>\n\t\t<span class=\"iq-subtitle\">EMAIL <\/span>\n\t\t<h5 class=\"iq-title iq-heading-title\">\n\t\t\tinfo@drmehmetturkyilmaz.com\t\t<\/h5>\n\t\t\t<\/div>\n\t\t\t\t<\/div>\n\t\t\t\t<\/div>\n\t\t\t\t\t<\/div>\n\t\t<\/div>\n\t\t\t\t<div class=\"elementor-column elementor-col-33 elementor-top-column elementor-element elementor-element-ce1ae2c layouts-column-align-inherit layouts-section-position-none\" data-id=\"ce1ae2c\" data-element_type=\"column\">\n\t\t\t<div class=\"elementor-widget-wrap elementor-element-populated\">\n\t\t\t\t\t\t<div class=\"hf-elementor-layout elementor-element elementor-element-e363930 elementor-widget elementor-widget-section_title\" data-id=\"e363930\" data-element_type=\"widget\" data-widget_type=\"section_title.default\">\n\t\t\t\t<div class=\"elementor-widget-container\">\n\t\t\t\t\t\t<div class=\"iq-title-box iq-title-box-1 iq-befor-line\">\n\t\t<div class=\"iq-title-icon\">\n\t\t\t<i aria-hidden=\"true\" class=\"typcn typcn-phone-outline\"><\/i>\t\t<\/div>\n\t\t<span class=\"iq-subtitle\">Our telephone number<\/span>\n\t\t<h5 class=\"iq-title iq-heading-title\">\n\t\t\t+90 (236) 713 14 00\t\t<\/h5>\n\t\t\t<\/div>\n\t\t\t\t<\/div>\n\t\t\t\t<\/div>\n\t\t\t\t\t<\/div>\n\t\t<\/div>\n\t\t\t\t\t<\/div>\n\t\t<\/div>\n\t\t\t\t<section class=\"elementor-section elementor-top-section elementor-element elementor-element-340471f elementor-hidden-tablet elementor-section-boxed elementor-section-height-default elementor-section-height-default magic-button-disabled-no\" data-id=\"340471f\" data-element_type=\"section\">\n\t\t\t\t\t\t<div class=\"elementor-container elementor-column-gap-default\">\n\t\t\t\t\t<div class=\"elementor-column elementor-col-100 elementor-top-column elementor-element elementor-element-e45fac4 layouts-column-align-inherit layouts-section-position-none\" data-id=\"e45fac4\" data-element_type=\"column\">\n\t\t\t<div class=\"elementor-widget-wrap elementor-element-populated\">\n\t\t\t\t\t\t<div class=\"hf-elementor-layout elementor-element elementor-element-f692d64 elementor-widget elementor-widget-iq_divider\" data-id=\"f692d64\" data-element_type=\"widget\" data-widget_type=\"iq_divider.default\">\n\t\t\t\t<div class=\"elementor-widget-container\">\n\t\t\t\t\t\t<div class=\"iq-divider iq-divider-style-1\">\n\t\t<div class=\"iq-divider-left\">\n\t\t<\/div>\n\t<\/div>\n\t\t\t\t<\/div>\n\t\t\t\t<\/div>\n\t\t\t\t\t<\/div>\n\t\t<\/div>\n\t\t\t\t\t<\/div>\n\t\t<\/section>\n\t\t\t\t<section class=\"elementor-section elementor-top-section elementor-element elementor-element-df95608 elementor-section-boxed elementor-section-height-default elementor-section-height-default magic-button-disabled-no\" data-id=\"df95608\" data-element_type=\"section\">\n\t\t\t\t\t\t<div class=\"elementor-container elementor-column-gap-default\">\n\t\t\t\t\t<div class=\"elementor-column elementor-col-33 elementor-top-column elementor-element elementor-element-438548f layouts-column-align-inherit layouts-section-position-none\" data-id=\"438548f\" data-element_type=\"column\">\n\t\t\t<div class=\"elementor-widget-wrap\">\n\t\t\t\t\t\t\t<\/div>\n\t\t<\/div>\n\t\t\t\t<div class=\"elementor-column elementor-col-33 elementor-top-column elementor-element elementor-element-190b5b0 layouts-column-align-inherit layouts-section-position-none\" data-id=\"190b5b0\" data-element_type=\"column\">\n\t\t\t<div class=\"elementor-widget-wrap elementor-element-populated\">\n\t\t\t\t\t\t<div class=\"hf-elementor-layout elementor-element elementor-element-034462a elementor-widget elementor-widget-shortcode\" data-id=\"034462a\" data-element_type=\"widget\" data-widget_type=\"shortcode.default\">\n\t\t\t\t<div class=\"elementor-widget-container\">\n\t\t\t\t\t\t\t<div class=\"elementor-shortcode\">\n<div class=\"wpcf7 no-js\" id=\"wpcf7-f38827-o1\" lang=\"en-US\" dir=\"ltr\" data-wpcf7-id=\"38827\">\n<div class=\"screen-reader-response\"><p role=\"status\" aria-live=\"polite\" aria-atomic=\"true\"><\/p> <ul><\/ul><\/div>\n<form action=\"\/en\/wp-json\/wp\/v2\/pages\/1186#wpcf7-f38827-o1\" method=\"post\" class=\"wpcf7-form init\" aria-label=\"Contact form\" novalidate=\"novalidate\" data-status=\"init\" data-trp-original-action=\"\/en\/wp-json\/wp\/v2\/pages\/1186#wpcf7-f38827-o1\">\n<div style=\"display: none;\">\n<input type=\"hidden\" name=\"_wpcf7\" value=\"38827\" \/>\n<input type=\"hidden\" name=\"_wpcf7_version\" value=\"6.0.6\" \/>\n<input type=\"hidden\" name=\"_wpcf7_locale\" value=\"en_US\" \/>\n<input type=\"hidden\" name=\"_wpcf7_unit_tag\" value=\"wpcf7-f38827-o1\" \/>\n<input type=\"hidden\" name=\"_wpcf7_container_post\" value=\"0\" \/>\n<input type=\"hidden\" name=\"_wpcf7_posted_data_hash\" value=\"\" \/>\n<input type=\"hidden\" name=\"_wpcf7_recaptcha_response\" value=\"\" \/>\n<\/div>\n<div class=\"contact-form contact-style\">\n\t<div class=\"row\">\n\t\t<div class=\"col-lg-6\">\n\t\t\t<div class=\"cfield\">\n\t\t\t\t<p><span class=\"wpcf7-form-control-wrap\" data-name=\"your-name\"><input size=\"40\" maxlength=\"400\" class=\"wpcf7-form-control wpcf7-text wpcf7-validates-as-required\" aria-required=\"true\" aria-invalid=\"false\" placeholder=\"Your Name\" value=\"\" type=\"text\" name=\"your-name\" \/><\/span>\n\t\t\t\t<\/p>\n\t\t\t<\/div>\n\t\t<\/div>\n\t\t<div class=\"col-lg-6\">\n\t\t\t<div class=\"cfield\">\n\t\t\t\t<p><span class=\"wpcf7-form-control-wrap\" data-name=\"your-surname\"><input size=\"40\" maxlength=\"400\" class=\"wpcf7-form-control wpcf7-text wpcf7-validates-as-required\" aria-required=\"true\" aria-invalid=\"false\" placeholder=\"Your surname\" value=\"\" type=\"text\" name=\"your-surname\" \/><\/span>\n\t\t\t\t<\/p>\n\t\t\t<\/div>\n\t\t<\/div>\n\t\t<div class=\"col-lg-6\">\n\t\t\t<div class=\"cfield\">\n\t\t\t\t<p><span class=\"wpcf7-form-control-wrap\" data-name=\"tel-099\"><input size=\"40\" maxlength=\"140\" minlength=\"10\" class=\"wpcf7-form-control wpcf7-tel wpcf7-validates-as-required wpcf7-text wpcf7-validates-as-tel\" aria-required=\"true\" aria-invalid=\"false\" placeholder=\"Telephone No\" value=\"\" type=\"tel\" name=\"tel-099\" \/><\/span>\n\t\t\t\t<\/p>\n\t\t\t<\/div>\n\t\t<\/div>\n\t\t<div class=\"col-lg-6\">\n\t\t\t<div class=\"cfield\">\n\t\t\t\t<p><span class=\"wpcf7-form-control-wrap\" data-name=\"your-email\"><input size=\"40\" maxlength=\"400\" class=\"wpcf7-form-control wpcf7-email wpcf7-validates-as-required wpcf7-text wpcf7-validates-as-email\" aria-required=\"true\" aria-invalid=\"false\" placeholder=\"E-Mail\" value=\"\" type=\"email\" name=\"your-email\" \/><\/span>\n\t\t\t\t<\/p>\n\t\t\t<\/div>\n\t\t<\/div>\n\t\t<div class=\"col-lg-12\">\n\t\t\t<div class=\"cfield\">\n\t\t\t\t<p><span class=\"wpcf7-form-control-wrap\" data-name=\"your-message\"><textarea cols=\"40\" rows=\"10\" maxlength=\"2000\" class=\"wpcf7-form-control wpcf7-textarea wpcf7-validates-as-required\" aria-required=\"true\" aria-invalid=\"false\" placeholder=\"Your message\" name=\"your-message\"><\/textarea><\/span>\n\t\t\t\t<\/p>\n\t\t\t<\/div>\n\t\t<\/div>\n\t\t<div class=\"col-lg-12\">\n\t\t\t<p><button class=\"button iq-button-style-2 has-icon btn-icon-right\"><span class=\"iq-btn-text-holder\">Send Message<\/span><span class=\"iq-btn-icon-holder\"><i aria-hidden=\"true\" class=\"ion ion-plus\"><\/i><\/span><\/button>\n\t\t\t<\/p>\n\t\t<\/div>\n\t<\/div>\n<\/div><div class=\"wpcf7-response-output\" aria-hidden=\"true\"><\/div>\n<input type=\"hidden\" name=\"trp-form-language\" value=\"en\"\/><\/form>\n<\/div>\n<\/div>\n\t\t\t\t\t\t<\/div>\n\t\t\t\t<\/div>\n\t\t\t\t\t<\/div>\n\t\t<\/div>\n\t\t\t\t<div class=\"elementor-column elementor-col-33 elementor-top-column elementor-element elementor-element-d8d0270 layouts-column-align-inherit layouts-section-position-none\" data-id=\"d8d0270\" data-element_type=\"column\">\n\t\t\t<div class=\"elementor-widget-wrap\">\n\t\t\t\t\t\t\t<\/div>\n\t\t<\/div>\n\t\t\t\t\t<\/div>\n\t\t<\/section>\n\t\t<div class=\"elementor-element elementor-element-704e2a7 e-con-full e-flex magic-button-disabled-no e-con e-parent\" data-id=\"704e2a7\" data-element_type=\"container\">\n\t\t\t\t<div class=\"hf-elementor-layout elementor-element elementor-element-146ac77 elementor-widget__width-inherit elementor-widget elementor-widget-google_maps\" data-id=\"146ac77\" data-element_type=\"widget\" data-widget_type=\"google_maps.default\">\n\t\t\t\t<div class=\"elementor-widget-container\">\n\t\t\t\t\t\t\t<div class=\"elementor-custom-embed\">\n\t\t\t<iframe loading=\"lazy\"\n\t\t\t\t\tsrc=\"https:\/\/maps.google.com\/maps?q=%C3%96zel%20Salihli%20Hastanesi&#038;t=m&#038;z=15&#038;output=embed&#038;iwloc=near\"\n\t\t\t\t\ttitle=\"Private Salihli Hospital\"\n\t\t\t\t\taria-label=\"Private Salihli Hospital\"\n\t\t\t><\/iframe>\n\t\t<\/div>\n\t\t\t\t\t\t<\/div>\n\t\t\t\t<\/div>\n\t\t\t\t<\/div>\n\t\t\t\t<\/div>","protected":false},"excerpt":{"rendered":"<p>LOKASYON \u00d6zel Salihli Hastanesi EMAIL info@drmehmetturkyilmaz.com Telefon numaram\u0131z +90 (236) 713 14 00<\/p>","protected":false},"author":1,"featured_media":0,"parent":0,"menu_order":0,"comment_status":"closed","ping_status":"closed","template":"","meta":{"_acf_changed":false,"footnotes":""},"class_list":["post-1186","page","type-page","status-publish","hentry"],"acf":[],"yoast_head":"<!-- This site is optimized with the Yoast SEO Premium plugin v20.13 (Yoast SEO v24.4) - https:\/\/yoast.com\/wordpress\/plugins\/seo\/ -->\n<title>\u0130leti\u015fim - Mehmet T\u00fcrky\u0131lmaz | Rinoplasti | Burun Ameliyatlar\u0131 | KBB<\/title>\n<meta name=\"description\" content=\"Dr. Mehmet T\u00fcrky\u0131lmaz ile ileti\u015fime ge\u00e7in. Salihli ve \u00e7evresinde kulak burun bo\u011faz hastal\u0131klar\u0131yla ilgili randevu almak ve detayl\u0131 bilgi edinmek i\u00e7in t\u0131klay\u0131n.\" \/>\n<meta name=\"robots\" content=\"index, follow, max-snippet:-1, max-image-preview:large, max-video-preview:-1\" \/>\n<link rel=\"canonical\" href=\"https:\/\/drmehmetturkyilmaz.com\/en\/iletisim\/\" \/>\n<meta property=\"og:locale\" content=\"en_GB\" \/>\n<meta property=\"og:type\" content=\"article\" \/>\n<meta property=\"og:title\" content=\"\u0130leti\u015fim\" \/>\n<meta property=\"og:description\" content=\"Dr. Mehmet T\u00fcrky\u0131lmaz ile ileti\u015fime ge\u00e7in. Salihli ve \u00e7evresinde kulak burun bo\u011faz hastal\u0131klar\u0131yla ilgili randevu almak ve detayl\u0131 bilgi edinmek i\u00e7in t\u0131klay\u0131n.\" \/>\n<meta property=\"og:url\" content=\"https:\/\/drmehmetturkyilmaz.com\/en\/iletisim\/\" \/>\n<meta property=\"og:site_name\" content=\"Mehmet T\u00fcrky\u0131lmaz | Rinoplasti | Burun Ameliyatlar\u0131 | KBB\" \/>\n<meta property=\"article:modified_time\" content=\"2025-02-26T12:59:51+00:00\" \/>\n<meta property=\"og:image\" content=\"https:\/\/drmehmetturkyilmaz.com\/wp-content\/uploads\/2025\/01\/aa.png\" \/>\n\t<meta property=\"og:image:width\" content=\"1365\" \/>\n\t<meta property=\"og:image:height\" content=\"900\" \/>\n\t<meta property=\"og:image:type\" content=\"image\/png\" \/>\n<meta name=\"twitter:card\" content=\"summary_large_image\" \/>\n<meta name=\"twitter:label1\" content=\"Estimated reading time\" \/>\n\t<meta name=\"twitter:data1\" content=\"1 minute\" \/>\n<script type=\"application\/ld+json\" class=\"yoast-schema-graph\">{\"@context\":\"https:\/\/schema.org\",\"@graph\":[{\"@type\":\"WebPage\",\"@id\":\"https:\/\/drmehmetturkyilmaz.com\/iletisim\/\",\"url\":\"https:\/\/drmehmetturkyilmaz.com\/iletisim\/\",\"name\":\"\u0130leti\u015fim - Mehmet T\u00fcrky\u0131lmaz | Rinoplasti | Burun Ameliyatlar\u0131 | KBB\",\"isPartOf\":{\"@id\":\"https:\/\/drmehmetturkyilmaz.com\/#website\"},\"datePublished\":\"2020-10-16T05:30:57+00:00\",\"dateModified\":\"2025-02-26T12:59:51+00:00\",\"description\":\"Dr. Mehmet T\u00fcrky\u0131lmaz ile ileti\u015fime ge\u00e7in. Salihli ve \u00e7evresinde kulak burun bo\u011faz hastal\u0131klar\u0131yla ilgili randevu almak ve detayl\u0131 bilgi edinmek i\u00e7in t\u0131klay\u0131n.\",\"breadcrumb\":{\"@id\":\"https:\/\/drmehmetturkyilmaz.com\/iletisim\/#breadcrumb\"},\"inLanguage\":\"en-GB\",\"potentialAction\":[{\"@type\":\"ReadAction\",\"target\":[\"https:\/\/drmehmetturkyilmaz.com\/iletisim\/\"]}]},{\"@type\":\"BreadcrumbList\",\"@id\":\"https:\/\/drmehmetturkyilmaz.com\/iletisim\/#breadcrumb\",\"itemListElement\":[{\"@type\":\"ListItem\",\"position\":1,\"name\":\"Home\",\"item\":\"https:\/\/drmehmetturkyilmaz.com\/\"},{\"@type\":\"ListItem\",\"position\":2,\"name\":\"\u0130leti\u015fim\"}]},{\"@type\":\"WebSite\",\"@id\":\"https:\/\/drmehmetturkyilmaz.com\/#website\",\"url\":\"https:\/\/drmehmetturkyilmaz.com\/\",\"name\":\"Mehmet T\u00fcrky\u0131lmaz | Rinoplasti | Burun Ameliyatlar\u0131 | KBB\",\"description\":\"Op.Dr. Mehmet T\u00fcrky\u0131lmaz\",\"publisher\":{\"@id\":\"https:\/\/drmehmetturkyilmaz.com\/#organization\"},\"alternateName\":\"Salihli KBB, Salihli Rinoplasti, Salihli Burun Ameliyat\u0131\",\"potentialAction\":[{\"@type\":\"SearchAction\",\"target\":{\"@type\":\"EntryPoint\",\"urlTemplate\":\"https:\/\/drmehmetturkyilmaz.com\/?s={search_term_string}\"},\"query-input\":{\"@type\":\"PropertyValueSpecification\",\"valueRequired\":true,\"valueName\":\"search_term_string\"}}],\"inLanguage\":\"en-GB\"},{\"@type\":\"Organization\",\"@id\":\"https:\/\/drmehmetturkyilmaz.com\/#organization\",\"name\":\"Mehmet T\u00fcrky\u0131lmaz | Rinoplasti | Burun Ameliyatlar\u0131 | KBB\",\"url\":\"https:\/\/drmehmetturkyilmaz.com\/\",\"logo\":{\"@type\":\"ImageObject\",\"inLanguage\":\"en-GB\",\"@id\":\"https:\/\/drmehmetturkyilmaz.com\/#\/schema\/logo\/image\/\",\"url\":\"https:\/\/drmehmetturkyilmaz.com\/wp-content\/uploads\/2025\/02\/Adsiz-tasarim.png\",\"contentUrl\":\"https:\/\/drmehmetturkyilmaz.com\/wp-content\/uploads\/2025\/02\/Adsiz-tasarim.png\",\"width\":1080,\"height\":1080,\"caption\":\"Mehmet T\u00fcrky\u0131lmaz | Rinoplasti | Burun Ameliyatlar\u0131 | KBB\"},\"image\":{\"@id\":\"https:\/\/drmehmetturkyilmaz.com\/#\/schema\/logo\/image\/\"}}]}<\/script>\n<!-- \/ Yoast SEO Premium plugin. -->","yoast_head_json":{"title":"\u0130leti\u015fim - Mehmet T\u00fcrky\u0131lmaz | Rinoplasti | Burun Ameliyatlar\u0131 | KBB","description":"Dr. Mehmet T\u00fcrky\u0131lmaz ile ileti\u015fime ge\u00e7in. Salihli ve \u00e7evresinde kulak burun bo\u011faz hastal\u0131klar\u0131yla ilgili randevu almak ve detayl\u0131 bilgi edinmek i\u00e7in t\u0131klay\u0131n.","robots":{"index":"index","follow":"follow","max-snippet":"max-snippet:-1","max-image-preview":"max-image-preview:large","max-video-preview":"max-video-preview:-1"},"canonical":"https:\/\/drmehmetturkyilmaz.com\/en\/iletisim\/","og_locale":"en_GB","og_type":"article","og_title":"\u0130leti\u015fim","og_description":"Dr. Mehmet T\u00fcrky\u0131lmaz ile ileti\u015fime ge\u00e7in. Salihli ve \u00e7evresinde kulak burun bo\u011faz hastal\u0131klar\u0131yla ilgili randevu almak ve detayl\u0131 bilgi edinmek i\u00e7in t\u0131klay\u0131n.","og_url":"https:\/\/drmehmetturkyilmaz.com\/en\/iletisim\/","og_site_name":"Mehmet T\u00fcrky\u0131lmaz | Rinoplasti | Burun Ameliyatlar\u0131 | KBB","article_modified_time":"2025-02-26T12:59:51+00:00","og_image":[{"width":1365,"height":900,"url":"https:\/\/drmehmetturkyilmaz.com\/wp-content\/uploads\/2025\/01\/aa.png","type":"image\/png"}],"twitter_card":"summary_large_image","twitter_misc":{"Estimated reading time":"1 minute"},"schema":{"@context":"https:\/\/schema.org","@graph":[{"@type":"WebPage","@id":"https:\/\/drmehmetturkyilmaz.com\/iletisim\/","url":"https:\/\/drmehmetturkyilmaz.com\/iletisim\/","name":"\u0130leti\u015fim - Mehmet T\u00fcrky\u0131lmaz | Rinoplasti | Burun Ameliyatlar\u0131 | KBB","isPartOf":{"@id":"https:\/\/drmehmetturkyilmaz.com\/#website"},"datePublished":"2020-10-16T05:30:57+00:00","dateModified":"2025-02-26T12:59:51+00:00","description":"Dr. Mehmet T\u00fcrky\u0131lmaz ile ileti\u015fime ge\u00e7in. Salihli ve \u00e7evresinde kulak burun bo\u011faz hastal\u0131klar\u0131yla ilgili randevu almak ve detayl\u0131 bilgi edinmek i\u00e7in t\u0131klay\u0131n.","breadcrumb":{"@id":"https:\/\/drmehmetturkyilmaz.com\/iletisim\/#breadcrumb"},"inLanguage":"en-GB","potentialAction":[{"@type":"ReadAction","target":["https:\/\/drmehmetturkyilmaz.com\/iletisim\/"]}]},{"@type":"BreadcrumbList","@id":"https:\/\/drmehmetturkyilmaz.com\/iletisim\/#breadcrumb","itemListElement":[{"@type":"ListItem","position":1,"name":"Home","item":"https:\/\/drmehmetturkyilmaz.com\/"},{"@type":"ListItem","position":2,"name":"\u0130leti\u015fim"}]},{"@type":"WebSite","@id":"https:\/\/drmehmetturkyilmaz.com\/#website","url":"https:\/\/drmehmetturkyilmaz.com\/","name":"Mehmet T\u00fcrky\u0131lmaz | Rinoplasti | Burun Ameliyatlar\u0131 | KBB","description":"Op.Dr. Mehmet T\u00fcrky\u0131lmaz","publisher":{"@id":"https:\/\/drmehmetturkyilmaz.com\/#organization"},"alternateName":"Salihli KBB, Salihli Rinoplasti, Salihli Burun Ameliyat\u0131","potentialAction":[{"@type":"SearchAction","target":{"@type":"EntryPoint","urlTemplate":"https:\/\/drmehmetturkyilmaz.com\/?s={search_term_string}"},"query-input":{"@type":"PropertyValueSpecification","valueRequired":true,"valueName":"search_term_string"}}],"inLanguage":"en-GB"},{"@type":"Organization","@id":"https:\/\/drmehmetturkyilmaz.com\/#organization","name":"Mehmet T\u00fcrky\u0131lmaz | Rinoplasti | Burun Ameliyatlar\u0131 | KBB","url":"https:\/\/drmehmetturkyilmaz.com\/","logo":{"@type":"ImageObject","inLanguage":"en-GB","@id":"https:\/\/drmehmetturkyilmaz.com\/#\/schema\/logo\/image\/","url":"https:\/\/drmehmetturkyilmaz.com\/wp-content\/uploads\/2025\/02\/Adsiz-tasarim.png","contentUrl":"https:\/\/drmehmetturkyilmaz.com\/wp-content\/uploads\/2025\/02\/Adsiz-tasarim.png","width":1080,"height":1080,"caption":"Mehmet T\u00fcrky\u0131lmaz | Rinoplasti | Burun Ameliyatlar\u0131 | KBB"},"image":{"@id":"https:\/\/drmehmetturkyilmaz.com\/#\/schema\/logo\/image\/"}}]}},"_links":{"self":[{"href":"https:\/\/drmehmetturkyilmaz.com\/en\/wp-json\/wp\/v2\/pages\/1186","targetHints":{"allow":["GET"]}}],"collection":[{"href":"https:\/\/drmehmetturkyilmaz.com\/en\/wp-json\/wp\/v2\/pages"}],"about":[{"href":"https:\/\/drmehmetturkyilmaz.com\/en\/wp-json\/wp\/v2\/types\/page"}],"author":[{"embeddable":true,"href":"https:\/\/drmehmetturkyilmaz.com\/en\/wp-json\/wp\/v2\/users\/1"}],"replies":[{"embeddable":true,"href":"https:\/\/drmehmetturkyilmaz.com\/en\/wp-json\/wp\/v2\/comments?post=1186"}],"version-history":[{"count":3,"href":"https:\/\/drmehmetturkyilmaz.com\/en\/wp-json\/wp\/v2\/pages\/1186\/revisions"}],"predecessor-version":[{"id":41343,"href":"https:\/\/drmehmetturkyilmaz.com\/en\/wp-json\/wp\/v2\/pages\/1186\/revisions\/41343"}],"wp:attachment":[{"href":"https:\/\/drmehmetturkyilmaz.com\/en\/wp-json\/wp\/v2\/media?parent=1186"}],"curies":[{"name":"wp","href":"https:\/\/api.w.org\/{rel}","templated":true}]}}