{"id":40707,"date":"2025-02-07T14:23:43","date_gmt":"2025-02-07T14:23:43","guid":{"rendered":"https:\/\/drmehmetturkyilmaz.com\/?page_id=40707"},"modified":"2025-02-26T11:00:18","modified_gmt":"2025-02-26T11:00:18","slug":"yuz-estetigi-uygulamalari","status":"publish","type":"page","link":"https:\/\/drmehmetturkyilmaz.com\/en\/yuz-estetigi-uygulamalari\/","title":{"rendered":"Facial Aesthetic Applications"},"content":{"rendered":"<div data-elementor-type=\"wp-page\" data-elementor-id=\"40707\" class=\"elementor elementor-40707\" data-elementor-post-type=\"page\">\n\t\t\t\t\t\t<div class=\"elementor-section elementor-top-section elementor-element elementor-element-d8f8228 elementor-section-boxed elementor-section-height-default elementor-section-height-default magic-button-disabled-no\" data-id=\"d8f8228\" data-element_type=\"section\">\n\t\t\t\t\t\t<div class=\"elementor-container elementor-column-gap-default\">\n\t\t\t\t\t<div class=\"elementor-column elementor-col-100 elementor-top-column elementor-element elementor-element-5857f55 layouts-column-align-inherit layouts-section-position-none\" data-id=\"5857f55\" data-element_type=\"column\">\n\t\t\t<div class=\"elementor-widget-wrap elementor-element-populated\">\n\t\t\t\t\t\t<div class=\"hf-elementor-layout elementor-element elementor-element-578bb77 elementor-widget elementor-widget-section_title\" data-id=\"578bb77\" data-element_type=\"widget\" data-widget_type=\"section_title.default\">\n\t\t\t\t<div class=\"elementor-widget-container\">\n\t\t\t\t\t\t<div class=\"iq-title-box iq-befor-line\">\n\t\t<div class=\"iq-title-icon\">\n\t\t\t\t\t<\/div>\n\n\t\t<span class=\"iq-subtitle\">Op. Dr Mehmet T\u00dcRKYILMAZ<\/span>\t\t<h2 class=\"iq-title iq-heading-title\">\n\t\t\t<span class=\"right-text\">Treatments &amp; Procedures<\/span>\n\t\t\t<span class=\"left-text\"><\/span>\n\t\t<\/h2>\n\t\t\t<\/div>\n   \t\t\t\t<\/div>\n\t\t\t\t<\/div>\n\t\t\t\t<div class=\"hf-elementor-layout elementor-element elementor-element-0ef3367 elementor-absolute elementor-hidden-tablet elementor-hidden-phone elementor-widget-tablet__width-initial elementor-widget elementor-widget-Iq_scrolling_text\" data-id=\"0ef3367\" data-element_type=\"widget\" data-settings=\"{&quot;_position&quot;:&quot;absolute&quot;}\" data-widget_type=\"Iq_scrolling_text.default\">\n\t\t\t\t<div class=\"elementor-widget-container\">\n\t\t\t\t\t\n<div class=\"scrolling-text\"  id=\"iq-text125331808669de2ff538a38\">\n\n    <div class=\"iq-test\">\n        My Services    <\/div>\n\n<\/div>\n\t\t\t\t<\/div>\n\t\t\t\t<\/div>\n\t\t\t\t<div class=\"elementor-section elementor-inner-section elementor-element elementor-element-0d60025 elementor-section-boxed elementor-section-height-default elementor-section-height-default magic-button-disabled-no\" data-id=\"0d60025\" data-element_type=\"section\">\n\t\t\t\t\t\t<div class=\"elementor-container elementor-column-gap-default\">\n\t\t\t\t\t<div class=\"elementor-column elementor-col-33 elementor-inner-column elementor-element elementor-element-18e9858 layouts-column-align-inherit layouts-section-position-none\" data-id=\"18e9858\" data-element_type=\"column\">\n\t\t\t<div class=\"elementor-widget-wrap elementor-element-populated\">\n\t\t\t\t\t\t<div class=\"hf-elementor-layout elementor-element elementor-element-5e39442 elementor-widget elementor-widget-iqonic_fancybox\" data-id=\"5e39442\" data-element_type=\"widget\" data-widget_type=\"iqonic_fancybox.default\">\n\t\t\t\t<div class=\"elementor-widget-container\">\n\t\t\t\t\t\t<div class=\"iq-fancy-box iq-fancy-box-style-7 text-center\">\n\t\t<div class=\"iq-img-area\">\n\t\t\t<img decoding=\"async\" src=\"https:\/\/drmehmetturkyilmaz.com\/wp-content\/uploads\/2024\/11\/Medikal-Estetik-Ameliyati.png\" title=\"Medical Aesthetic Surgery\" alt=\"Medikal Estetik Ameliyat\u0131\" loading=\"lazy\" \/>\t\t<\/div>\n\t\t<div class=\"iq-fancy-box-content\">\n\t\t\t\t\t\t\t<h4 class=\"iq-fancy-title iq-heading-title\"> \n\t\t\t\tBichectomy (Hollywood Cheek)\t\t\t\t<\/h4>\n\n\t\t\t\t\t\t\t\t\t\t<p class=\"fancy-box-content\"> Bichectomy is the surgical removal of fat tissue in the cheeks. This procedure makes the face look thinner and more shaped. It is especially preferred when the cheekbones are to be emphasised. <\/p>\n\t\t\t\n\t\t\t    <div class=\"iq-btn-container\">\n        <a class=\"iq-button-style-2 iq-btn-link has-icon btn-icon-right\" href=\"https:\/\/drmehmetturkyilmaz.com\/en\/service\/bisektomi-hollywood-yanagi\/\">\n            <span class=\"iq-btn-text-holder\">Details<\/span><span class=\"iq-btn-icon-holder\">\n                                <i aria-hidden=\"true\" class=\"ion ion-plus\"><\/i>\n                                <\/span>        <\/a>\n    <\/div>\n    \n\t\t<\/div>\n\t<\/div>\n\t\t\t\t<\/div>\n\t\t\t\t<\/div>\n\t\t\t\t\t<\/div>\n\t\t<\/div>\n\t\t\t\t<div class=\"elementor-column elementor-col-33 elementor-inner-column elementor-element elementor-element-b5695fe layouts-column-align-inherit layouts-section-position-none\" data-id=\"b5695fe\" data-element_type=\"column\">\n\t\t\t<div class=\"elementor-widget-wrap elementor-element-populated\">\n\t\t\t\t\t\t<div class=\"hf-elementor-layout elementor-element elementor-element-61ca351 elementor-widget elementor-widget-iqonic_fancybox\" data-id=\"61ca351\" data-element_type=\"widget\" data-widget_type=\"iqonic_fancybox.default\">\n\t\t\t\t<div class=\"elementor-widget-container\">\n\t\t\t\t\t\t<div class=\"iq-fancy-box iq-fancy-box-style-7 text-center\">\n\t\t<div class=\"iq-img-area\">\n\t\t\t<img decoding=\"async\" src=\"https:\/\/drmehmetturkyilmaz.com\/wp-content\/uploads\/2024\/11\/Cene-Ucu-Protezi_Dolgusu.png\" title=\"Jaw Tip Prosthesis_Filling\" alt=\"\u00c7ene Ucu Protezi_Dolgusu\" loading=\"lazy\" \/>\t\t<\/div>\n\t\t<div class=\"iq-fancy-box-content\">\n\t\t\t\t\t\t\t<h4 class=\"iq-fancy-title iq-heading-title\"> \n\t\t\t\tMentoplasty (Jaw Tip Prosthesis Surgery)\t\t\t\t<\/h4>\n\n\t\t\t\t\t\t\t\t\t\t<p class=\"fancy-box-content\"> Mentoplasty is an aesthetic procedure to correct or enlarge the shape of the chin. Chin correction helps to make facial contours more balanced and aesthetic. <\/p>\n\t\t\t\n\t\t\t    <div class=\"iq-btn-container\">\n        <a class=\"iq-button-style-2 iq-btn-link has-icon btn-icon-right\" href=\"https:\/\/drmehmetturkyilmaz.com\/en\/service\/cene-ucu-protezi\/\">\n            <span class=\"iq-btn-text-holder\">Details<\/span><span class=\"iq-btn-icon-holder\">\n                                <i aria-hidden=\"true\" class=\"ion ion-plus\"><\/i>\n                                <\/span>        <\/a>\n    <\/div>\n    \n\t\t<\/div>\n\t<\/div>\n\t\t\t\t<\/div>\n\t\t\t\t<\/div>\n\t\t\t\t\t<\/div>\n\t\t<\/div>\n\t\t\t\t<div class=\"elementor-column elementor-col-33 elementor-inner-column elementor-element elementor-element-83e81ce layouts-column-align-inherit layouts-section-position-none\" data-id=\"83e81ce\" data-element_type=\"column\">\n\t\t\t<div class=\"elementor-widget-wrap elementor-element-populated\">\n\t\t\t\t\t\t<div class=\"hf-elementor-layout elementor-element elementor-element-096e06e elementor-widget elementor-widget-iqonic_fancybox\" data-id=\"096e06e\" data-element_type=\"widget\" data-widget_type=\"iqonic_fancybox.default\">\n\t\t\t\t<div class=\"elementor-widget-container\">\n\t\t\t\t\t\t<div class=\"iq-fancy-box iq-fancy-box-style-7 text-center\">\n\t\t<div class=\"iq-img-area\">\n\t\t\t<img decoding=\"async\" src=\"https:\/\/drmehmetturkyilmaz.com\/wp-content\/uploads\/2024\/11\/Fonksiyonel-Endoskopik-Sinus-Cerrahi.png\" title=\"Functional Endoscopic Sinus Surgery\" alt=\"Fonksiyonel Endoskopik Sin\u00fcs Cerrahi\" loading=\"lazy\" \/>\t\t<\/div>\n\t\t<div class=\"iq-fancy-box-content\">\n\t\t\t\t\t\t\t<h4 class=\"iq-fancy-title iq-heading-title\"> \n\t\t\t\tDimple Aesthetics\t\t\t\t<\/h4>\n\n\t\t\t\t\t\t\t\t\t\t<p class=\"fancy-box-content\"> Dimple aesthetics is a procedure performed to add dimples (dimples) to the cheek part of the face. This procedure gives the facial expression a cute and pleasant appearance. <\/p>\n\t\t\t\n\t\t\t    <div class=\"iq-btn-container\">\n        <a class=\"iq-button-style-2 iq-btn-link has-icon btn-icon-right\" href=\"https:\/\/drmehmetturkyilmaz.com\/en\/service\/gamze-estetigi\/\">\n            <span class=\"iq-btn-text-holder\">Details<\/span><span class=\"iq-btn-icon-holder\">\n                                <i aria-hidden=\"true\" class=\"ion ion-plus\"><\/i>\n                                <\/span>        <\/a>\n    <\/div>\n    \n\t\t<\/div>\n\t<\/div>\n\t\t\t\t<\/div>\n\t\t\t\t<\/div>\n\t\t\t\t\t<\/div>\n\t\t<\/div>\n\t\t\t\t\t<\/div>\n\t\t<\/div>\n\t\t\t\t<div class=\"elementor-section elementor-inner-section elementor-element elementor-element-33c9950 elementor-section-boxed elementor-section-height-default elementor-section-height-default magic-button-disabled-no\" data-id=\"33c9950\" data-element_type=\"section\">\n\t\t\t\t\t\t<div class=\"elementor-container elementor-column-gap-default\">\n\t\t\t\t\t<div class=\"elementor-column elementor-col-33 elementor-inner-column elementor-element elementor-element-1c32e76 layouts-column-align-inherit layouts-section-position-none\" data-id=\"1c32e76\" data-element_type=\"column\">\n\t\t\t<div class=\"elementor-widget-wrap elementor-element-populated\">\n\t\t\t\t\t\t<div class=\"hf-elementor-layout elementor-element elementor-element-aa9b3b0 elementor-widget elementor-widget-iqonic_fancybox\" data-id=\"aa9b3b0\" data-element_type=\"widget\" data-widget_type=\"iqonic_fancybox.default\">\n\t\t\t\t<div class=\"elementor-widget-container\">\n\t\t\t\t\t\t<div class=\"iq-fancy-box iq-fancy-box-style-7 text-center\">\n\t\t<div class=\"iq-img-area\">\n\t\t\t<img decoding=\"async\" src=\"https:\/\/drmehmetturkyilmaz.com\/wp-content\/uploads\/2024\/11\/Medikal-Estetik-Ameliyati.png\" title=\"Medical Aesthetic Surgery\" alt=\"Medikal Estetik Ameliyat\u0131\" loading=\"lazy\" \/>\t\t<\/div>\n\t\t<div class=\"iq-fancy-box-content\">\n\t\t\t\t\t\t\t<h4 class=\"iq-fancy-title iq-heading-title\"> \n\t\t\t\tBlepharoplasty (Eyelid Aesthetics)\t\t\t\t<\/h4>\n\n\t\t\t\t\t\t\t\t\t\t<p class=\"fancy-box-content\"> Blepharoplasty is a surgical procedure to remove sagging, wrinkles and fat deposits on the upper and lower eyelids. It makes the eyes look younger and more vigorous. <\/p>\n\t\t\t\n\t\t\t    <div class=\"iq-btn-container\">\n        <a class=\"iq-button-style-2 iq-btn-link has-icon btn-icon-right\" href=\"https:\/\/drmehmetturkyilmaz.com\/en\/service\/blefaroplasti\/\">\n            <span class=\"iq-btn-text-holder\">Details<\/span><span class=\"iq-btn-icon-holder\">\n                                <i aria-hidden=\"true\" class=\"ion ion-plus\"><\/i>\n                                <\/span>        <\/a>\n    <\/div>\n    \n\t\t<\/div>\n\t<\/div>\n\t\t\t\t<\/div>\n\t\t\t\t<\/div>\n\t\t\t\t\t<\/div>\n\t\t<\/div>\n\t\t\t\t<div class=\"elementor-column elementor-col-33 elementor-inner-column elementor-element elementor-element-461c4de layouts-column-align-inherit layouts-section-position-none\" data-id=\"461c4de\" data-element_type=\"column\">\n\t\t\t<div class=\"elementor-widget-wrap elementor-element-populated\">\n\t\t\t\t\t\t<div class=\"hf-elementor-layout elementor-element elementor-element-6d72b30 elementor-widget elementor-widget-iqonic_fancybox\" data-id=\"6d72b30\" data-element_type=\"widget\" data-widget_type=\"iqonic_fancybox.default\">\n\t\t\t\t<div class=\"elementor-widget-container\">\n\t\t\t\t\t\t<div class=\"iq-fancy-box iq-fancy-box-style-7 text-center\">\n\t\t<div class=\"iq-img-area\">\n\t\t\t<img decoding=\"async\" src=\"https:\/\/drmehmetturkyilmaz.com\/wp-content\/uploads\/2024\/11\/Burun-Ucu.png\" title=\"Nose Tip\" alt=\"Burun Ucu\" loading=\"lazy\" \/>\t\t<\/div>\n\t\t<div class=\"iq-fancy-box-content\">\n\t\t\t\t\t\t\t<h4 class=\"iq-fancy-title iq-heading-title\"> \n\t\t\t\tDirect Browlift (Eyebrow Lift Aesthetics)\t\t\t\t<\/h4>\n\n\t\t\t\t\t\t\t\t\t\t<p class=\"fancy-box-content\"> Direct browlift is an aesthetic operation to raise the eyebrows. With this procedure, the eyebrows are given a higher and younger appearance. Wrinkles around the eyes are also reduced. <\/p>\n\t\t\t\n\t\t\t    <div class=\"iq-btn-container\">\n        <a class=\"iq-button-style-2 iq-btn-link has-icon btn-icon-right\" href=\"https:\/\/drmehmetturkyilmaz.com\/en\/service\/direct-browlift-kas-kaldirma-estetigi\/\">\n            <span class=\"iq-btn-text-holder\">Details<\/span><span class=\"iq-btn-icon-holder\">\n                                <i aria-hidden=\"true\" class=\"ion ion-plus\"><\/i>\n                                <\/span>        <\/a>\n    <\/div>\n    \n\t\t<\/div>\n\t<\/div>\n\t\t\t\t<\/div>\n\t\t\t\t<\/div>\n\t\t\t\t\t<\/div>\n\t\t<\/div>\n\t\t\t\t<div class=\"elementor-column elementor-col-33 elementor-inner-column elementor-element elementor-element-cabbd7c layouts-column-align-inherit layouts-section-position-none\" data-id=\"cabbd7c\" data-element_type=\"column\">\n\t\t\t<div class=\"elementor-widget-wrap elementor-element-populated\">\n\t\t\t\t\t\t<div class=\"hf-elementor-layout elementor-element elementor-element-05e7c74 elementor-widget elementor-widget-iqonic_fancybox\" data-id=\"05e7c74\" data-element_type=\"widget\" data-widget_type=\"iqonic_fancybox.default\">\n\t\t\t\t<div class=\"elementor-widget-container\">\n\t\t\t\t\t\t<div class=\"iq-fancy-box iq-fancy-box-style-7 text-center\">\n\t\t<div class=\"iq-img-area\">\n\t\t\t<img decoding=\"async\" src=\"https:\/\/drmehmetturkyilmaz.com\/wp-content\/uploads\/2024\/11\/Fonksiyonel-Endoskopik-Sinus-Cerrahi.png\" title=\"Functional Endoscopic Sinus Surgery\" alt=\"Fonksiyonel Endoskopik Sin\u00fcs Cerrahi\" loading=\"lazy\" \/>\t\t<\/div>\n\t\t<div class=\"iq-fancy-box-content\">\n\t\t\t\t\t\t\t<h4 class=\"iq-fancy-title iq-heading-title\"> \n\t\t\t\tTemporal Lifting (Temporal Lifting)\t\t\t\t<\/h4>\n\n\t\t\t\t\t\t\t\t\t\t<p class=\"fancy-box-content\"> Temple lift is a surgical aesthetic application performed to correct sagging in the temple area. This procedure helps to remove wrinkles and sagging around the eyes and provides a youthful appearance. <\/p>\n\t\t\t\n\t\t\t    <div class=\"iq-btn-container\">\n        <a class=\"iq-button-style-2 iq-btn-link has-icon btn-icon-right\" href=\"https:\/\/drmehmetturkyilmaz.com\/en\/service\/temporal-lifting-sakak-kaldirma\/\">\n            <span class=\"iq-btn-text-holder\">Details<\/span><span class=\"iq-btn-icon-holder\">\n                                <i aria-hidden=\"true\" class=\"ion ion-plus\"><\/i>\n                                <\/span>        <\/a>\n    <\/div>\n    \n\t\t<\/div>\n\t<\/div>\n\t\t\t\t<\/div>\n\t\t\t\t<\/div>\n\t\t\t\t\t<\/div>\n\t\t<\/div>\n\t\t\t\t\t<\/div>\n\t\t<\/div>\n\t\t\t\t\t<\/div>\n\t\t<\/div>\n\t\t\t\t\t<\/div>\n\t\t<\/div>\n\t\t\t\t<\/div>","protected":false},"excerpt":{"rendered":"<p>Op. Dr. Mehmet T\u00dcRKYILMAZ Tedaviler &amp; \u0130\u015flemler Hizmetlerim Bi\u015fektomi (hollywood Yana\u011f\u0131) Bi\u015fektomi, yanaklardaki ya\u011f dokusunun cerrahi olarak al\u0131nmas\u0131 i\u015flemidir. Bu i\u015flem, y\u00fcz\u00fcn daha ince ve \u015fekilli g\u00f6r\u00fcnmesini sa\u011flar. \u00d6zellikle elmac\u0131k kemikleri belirginle\u015ftirilmek istendi\u011finde tercih edilir. Detaylar Mentoplasti (\u00c7ene Ucu Protez Ameliyat\u0131) Mentoplasti, \u00e7ene \u015feklinin d\u00fczeltilmesi veya b\u00fcy\u00fct\u00fclmesi i\u00e7in yap\u0131lan bir estetik i\u015flemdir. \u00c7ene d\u00fczeltmesi, y\u00fcz [&hellip;]<\/p>","protected":false},"author":1,"featured_media":0,"parent":0,"menu_order":0,"comment_status":"closed","ping_status":"closed","template":"","meta":{"_acf_changed":false,"footnotes":""},"class_list":["post-40707","page","type-page","status-publish","hentry"],"acf":[],"yoast_head":"<!-- This site is optimized with the Yoast SEO Premium plugin v20.13 (Yoast SEO v24.4) - https:\/\/yoast.com\/wordpress\/plugins\/seo\/ -->\n<title>Y\u00fcz Esteti\u011fi Uygulamalar\u0131 \u2013 Gen\u00e7 ve Do\u011fal Bir G\u00f6r\u00fcn\u00fcm<\/title>\n<meta name=\"description\" content=\"Y\u00fcz esteti\u011fi ile gen\u00e7 ve do\u011fal bir g\u00f6r\u00fcn\u00fcm elde edin! Burun esteti\u011fi, g\u00f6z kapa\u011f\u0131 esteti\u011fi, y\u00fcz germe ve ameliyats\u0131z gen\u00e7le\u015ftirme \u00e7\u00f6z\u00fcmleri i\u00e7in Dr. Mehmet T\u00fcrky\u0131lmaz ile ileti\u015fime ge\u00e7in. Salihli ve Manisa \u00e7evresinde y\u00fcz esteti\u011fi uygulamalar\u0131.\" \/>\n<meta name=\"robots\" content=\"index, follow, max-snippet:-1, max-image-preview:large, max-video-preview:-1\" \/>\n<link rel=\"canonical\" href=\"https:\/\/drmehmetturkyilmaz.com\/en\/yuz-estetigi-uygulamalari\/\" \/>\n<meta property=\"og:locale\" content=\"en_GB\" \/>\n<meta property=\"og:type\" content=\"article\" \/>\n<meta property=\"og:title\" content=\"Y\u00fcz Esteti\u011fi Uygulamalar\u0131\" \/>\n<meta property=\"og:description\" content=\"Y\u00fcz esteti\u011fi ile gen\u00e7 ve do\u011fal bir g\u00f6r\u00fcn\u00fcm elde edin! Burun esteti\u011fi, g\u00f6z kapa\u011f\u0131 esteti\u011fi, y\u00fcz germe ve ameliyats\u0131z gen\u00e7le\u015ftirme \u00e7\u00f6z\u00fcmleri i\u00e7in Dr. Mehmet T\u00fcrky\u0131lmaz ile ileti\u015fime ge\u00e7in. Salihli ve Manisa \u00e7evresinde y\u00fcz esteti\u011fi uygulamalar\u0131.\" \/>\n<meta property=\"og:url\" content=\"https:\/\/drmehmetturkyilmaz.com\/en\/yuz-estetigi-uygulamalari\/\" \/>\n<meta property=\"og:site_name\" content=\"Mehmet T\u00fcrky\u0131lmaz | Rinoplasti | Burun Ameliyatlar\u0131 | KBB\" \/>\n<meta property=\"article:modified_time\" content=\"2025-02-26T11:00:18+00:00\" \/>\n<meta property=\"og:image\" content=\"https:\/\/drmehmetturkyilmaz.com\/wp-content\/uploads\/2024\/11\/Medikal-Estetik-Ameliyati.png\" \/>\n<meta name=\"twitter:card\" content=\"summary_large_image\" \/>\n<meta name=\"twitter:label1\" content=\"Estimated reading time\" \/>\n\t<meta name=\"twitter:data1\" content=\"3 minutes\" \/>\n<script type=\"application\/ld+json\" class=\"yoast-schema-graph\">{\"@context\":\"https:\/\/schema.org\",\"@graph\":[{\"@type\":\"WebPage\",\"@id\":\"https:\/\/drmehmetturkyilmaz.com\/yuz-estetigi-uygulamalari\/\",\"url\":\"https:\/\/drmehmetturkyilmaz.com\/yuz-estetigi-uygulamalari\/\",\"name\":\"Y\u00fcz Esteti\u011fi Uygulamalar\u0131 \u2013 Gen\u00e7 ve Do\u011fal Bir G\u00f6r\u00fcn\u00fcm\",\"isPartOf\":{\"@id\":\"https:\/\/drmehmetturkyilmaz.com\/#website\"},\"primaryImageOfPage\":{\"@id\":\"https:\/\/drmehmetturkyilmaz.com\/yuz-estetigi-uygulamalari\/#primaryimage\"},\"image\":{\"@id\":\"https:\/\/drmehmetturkyilmaz.com\/yuz-estetigi-uygulamalari\/#primaryimage\"},\"thumbnailUrl\":\"https:\/\/drmehmetturkyilmaz.com\/wp-content\/uploads\/2024\/11\/Medikal-Estetik-Ameliyati.png\",\"datePublished\":\"2025-02-07T14:23:43+00:00\",\"dateModified\":\"2025-02-26T11:00:18+00:00\",\"description\":\"Y\u00fcz esteti\u011fi ile gen\u00e7 ve do\u011fal bir g\u00f6r\u00fcn\u00fcm elde edin! Burun esteti\u011fi, g\u00f6z kapa\u011f\u0131 esteti\u011fi, y\u00fcz germe ve ameliyats\u0131z gen\u00e7le\u015ftirme \u00e7\u00f6z\u00fcmleri i\u00e7in Dr. Mehmet T\u00fcrky\u0131lmaz ile ileti\u015fime ge\u00e7in. Salihli ve Manisa \u00e7evresinde y\u00fcz esteti\u011fi uygulamalar\u0131.\",\"breadcrumb\":{\"@id\":\"https:\/\/drmehmetturkyilmaz.com\/yuz-estetigi-uygulamalari\/#breadcrumb\"},\"inLanguage\":\"en-GB\",\"potentialAction\":[{\"@type\":\"ReadAction\",\"target\":[\"https:\/\/drmehmetturkyilmaz.com\/yuz-estetigi-uygulamalari\/\"]}]},{\"@type\":\"ImageObject\",\"inLanguage\":\"en-GB\",\"@id\":\"https:\/\/drmehmetturkyilmaz.com\/yuz-estetigi-uygulamalari\/#primaryimage\",\"url\":\"https:\/\/drmehmetturkyilmaz.com\/wp-content\/uploads\/2024\/11\/Medikal-Estetik-Ameliyati.png\",\"contentUrl\":\"https:\/\/drmehmetturkyilmaz.com\/wp-content\/uploads\/2024\/11\/Medikal-Estetik-Ameliyati.png\"},{\"@type\":\"BreadcrumbList\",\"@id\":\"https:\/\/drmehmetturkyilmaz.com\/yuz-estetigi-uygulamalari\/#breadcrumb\",\"itemListElement\":[{\"@type\":\"ListItem\",\"position\":1,\"name\":\"Home\",\"item\":\"https:\/\/drmehmetturkyilmaz.com\/\"},{\"@type\":\"ListItem\",\"position\":2,\"name\":\"Y\u00fcz Esteti\u011fi Uygulamalar\u0131\"}]},{\"@type\":\"WebSite\",\"@id\":\"https:\/\/drmehmetturkyilmaz.com\/#website\",\"url\":\"https:\/\/drmehmetturkyilmaz.com\/\",\"name\":\"Mehmet T\u00fcrky\u0131lmaz | Rinoplasti | Burun Ameliyatlar\u0131 | KBB\",\"description\":\"Op.Dr. Mehmet T\u00fcrky\u0131lmaz\",\"publisher\":{\"@id\":\"https:\/\/drmehmetturkyilmaz.com\/#organization\"},\"alternateName\":\"Salihli KBB, Salihli Rinoplasti, Salihli Burun Ameliyat\u0131\",\"potentialAction\":[{\"@type\":\"SearchAction\",\"target\":{\"@type\":\"EntryPoint\",\"urlTemplate\":\"https:\/\/drmehmetturkyilmaz.com\/?s={search_term_string}\"},\"query-input\":{\"@type\":\"PropertyValueSpecification\",\"valueRequired\":true,\"valueName\":\"search_term_string\"}}],\"inLanguage\":\"en-GB\"},{\"@type\":\"Organization\",\"@id\":\"https:\/\/drmehmetturkyilmaz.com\/#organization\",\"name\":\"Mehmet T\u00fcrky\u0131lmaz | Rinoplasti | Burun Ameliyatlar\u0131 | KBB\",\"url\":\"https:\/\/drmehmetturkyilmaz.com\/\",\"logo\":{\"@type\":\"ImageObject\",\"inLanguage\":\"en-GB\",\"@id\":\"https:\/\/drmehmetturkyilmaz.com\/#\/schema\/logo\/image\/\",\"url\":\"https:\/\/drmehmetturkyilmaz.com\/wp-content\/uploads\/2025\/02\/Adsiz-tasarim.png\",\"contentUrl\":\"https:\/\/drmehmetturkyilmaz.com\/wp-content\/uploads\/2025\/02\/Adsiz-tasarim.png\",\"width\":1080,\"height\":1080,\"caption\":\"Mehmet T\u00fcrky\u0131lmaz | Rinoplasti | Burun Ameliyatlar\u0131 | KBB\"},\"image\":{\"@id\":\"https:\/\/drmehmetturkyilmaz.com\/#\/schema\/logo\/image\/\"}}]}<\/script>\n<!-- \/ Yoast SEO Premium plugin. -->","yoast_head_json":{"title":"Y\u00fcz Esteti\u011fi Uygulamalar\u0131 \u2013 Gen\u00e7 ve Do\u011fal Bir G\u00f6r\u00fcn\u00fcm","description":"Y\u00fcz esteti\u011fi ile gen\u00e7 ve do\u011fal bir g\u00f6r\u00fcn\u00fcm elde edin! Burun esteti\u011fi, g\u00f6z kapa\u011f\u0131 esteti\u011fi, y\u00fcz germe ve ameliyats\u0131z gen\u00e7le\u015ftirme \u00e7\u00f6z\u00fcmleri i\u00e7in Dr. Mehmet T\u00fcrky\u0131lmaz ile ileti\u015fime ge\u00e7in. Salihli ve Manisa \u00e7evresinde y\u00fcz esteti\u011fi uygulamalar\u0131.","robots":{"index":"index","follow":"follow","max-snippet":"max-snippet:-1","max-image-preview":"max-image-preview:large","max-video-preview":"max-video-preview:-1"},"canonical":"https:\/\/drmehmetturkyilmaz.com\/en\/yuz-estetigi-uygulamalari\/","og_locale":"en_GB","og_type":"article","og_title":"Y\u00fcz Esteti\u011fi Uygulamalar\u0131","og_description":"Y\u00fcz esteti\u011fi ile gen\u00e7 ve do\u011fal bir g\u00f6r\u00fcn\u00fcm elde edin! Burun esteti\u011fi, g\u00f6z kapa\u011f\u0131 esteti\u011fi, y\u00fcz germe ve ameliyats\u0131z gen\u00e7le\u015ftirme \u00e7\u00f6z\u00fcmleri i\u00e7in Dr. Mehmet T\u00fcrky\u0131lmaz ile ileti\u015fime ge\u00e7in. Salihli ve Manisa \u00e7evresinde y\u00fcz esteti\u011fi uygulamalar\u0131.","og_url":"https:\/\/drmehmetturkyilmaz.com\/en\/yuz-estetigi-uygulamalari\/","og_site_name":"Mehmet T\u00fcrky\u0131lmaz | Rinoplasti | Burun Ameliyatlar\u0131 | KBB","article_modified_time":"2025-02-26T11:00:18+00:00","og_image":[{"url":"https:\/\/drmehmetturkyilmaz.com\/wp-content\/uploads\/2024\/11\/Medikal-Estetik-Ameliyati.png","type":"","width":"","height":""}],"twitter_card":"summary_large_image","twitter_misc":{"Estimated reading time":"3 minutes"},"schema":{"@context":"https:\/\/schema.org","@graph":[{"@type":"WebPage","@id":"https:\/\/drmehmetturkyilmaz.com\/yuz-estetigi-uygulamalari\/","url":"https:\/\/drmehmetturkyilmaz.com\/yuz-estetigi-uygulamalari\/","name":"Y\u00fcz Esteti\u011fi Uygulamalar\u0131 \u2013 Gen\u00e7 ve Do\u011fal Bir G\u00f6r\u00fcn\u00fcm","isPartOf":{"@id":"https:\/\/drmehmetturkyilmaz.com\/#website"},"primaryImageOfPage":{"@id":"https:\/\/drmehmetturkyilmaz.com\/yuz-estetigi-uygulamalari\/#primaryimage"},"image":{"@id":"https:\/\/drmehmetturkyilmaz.com\/yuz-estetigi-uygulamalari\/#primaryimage"},"thumbnailUrl":"https:\/\/drmehmetturkyilmaz.com\/wp-content\/uploads\/2024\/11\/Medikal-Estetik-Ameliyati.png","datePublished":"2025-02-07T14:23:43+00:00","dateModified":"2025-02-26T11:00:18+00:00","description":"Y\u00fcz esteti\u011fi ile gen\u00e7 ve do\u011fal bir g\u00f6r\u00fcn\u00fcm elde edin! Burun esteti\u011fi, g\u00f6z kapa\u011f\u0131 esteti\u011fi, y\u00fcz germe ve ameliyats\u0131z gen\u00e7le\u015ftirme \u00e7\u00f6z\u00fcmleri i\u00e7in Dr. Mehmet T\u00fcrky\u0131lmaz ile ileti\u015fime ge\u00e7in. Salihli ve Manisa \u00e7evresinde y\u00fcz esteti\u011fi uygulamalar\u0131.","breadcrumb":{"@id":"https:\/\/drmehmetturkyilmaz.com\/yuz-estetigi-uygulamalari\/#breadcrumb"},"inLanguage":"en-GB","potentialAction":[{"@type":"ReadAction","target":["https:\/\/drmehmetturkyilmaz.com\/yuz-estetigi-uygulamalari\/"]}]},{"@type":"ImageObject","inLanguage":"en-GB","@id":"https:\/\/drmehmetturkyilmaz.com\/yuz-estetigi-uygulamalari\/#primaryimage","url":"https:\/\/drmehmetturkyilmaz.com\/wp-content\/uploads\/2024\/11\/Medikal-Estetik-Ameliyati.png","contentUrl":"https:\/\/drmehmetturkyilmaz.com\/wp-content\/uploads\/2024\/11\/Medikal-Estetik-Ameliyati.png"},{"@type":"BreadcrumbList","@id":"https:\/\/drmehmetturkyilmaz.com\/yuz-estetigi-uygulamalari\/#breadcrumb","itemListElement":[{"@type":"ListItem","position":1,"name":"Home","item":"https:\/\/drmehmetturkyilmaz.com\/"},{"@type":"ListItem","position":2,"name":"Y\u00fcz Esteti\u011fi Uygulamalar\u0131"}]},{"@type":"WebSite","@id":"https:\/\/drmehmetturkyilmaz.com\/#website","url":"https:\/\/drmehmetturkyilmaz.com\/","name":"Mehmet T\u00fcrky\u0131lmaz | Rinoplasti | Burun Ameliyatlar\u0131 | KBB","description":"Op.Dr. Mehmet T\u00fcrky\u0131lmaz","publisher":{"@id":"https:\/\/drmehmetturkyilmaz.com\/#organization"},"alternateName":"Salihli KBB, Salihli Rinoplasti, Salihli Burun Ameliyat\u0131","potentialAction":[{"@type":"SearchAction","target":{"@type":"EntryPoint","urlTemplate":"https:\/\/drmehmetturkyilmaz.com\/?s={search_term_string}"},"query-input":{"@type":"PropertyValueSpecification","valueRequired":true,"valueName":"search_term_string"}}],"inLanguage":"en-GB"},{"@type":"Organization","@id":"https:\/\/drmehmetturkyilmaz.com\/#organization","name":"Mehmet T\u00fcrky\u0131lmaz | Rinoplasti | Burun Ameliyatlar\u0131 | KBB","url":"https:\/\/drmehmetturkyilmaz.com\/","logo":{"@type":"ImageObject","inLanguage":"en-GB","@id":"https:\/\/drmehmetturkyilmaz.com\/#\/schema\/logo\/image\/","url":"https:\/\/drmehmetturkyilmaz.com\/wp-content\/uploads\/2025\/02\/Adsiz-tasarim.png","contentUrl":"https:\/\/drmehmetturkyilmaz.com\/wp-content\/uploads\/2025\/02\/Adsiz-tasarim.png","width":1080,"height":1080,"caption":"Mehmet T\u00fcrky\u0131lmaz | Rinoplasti | Burun Ameliyatlar\u0131 | KBB"},"image":{"@id":"https:\/\/drmehmetturkyilmaz.com\/#\/schema\/logo\/image\/"}}]}},"_links":{"self":[{"href":"https:\/\/drmehmetturkyilmaz.com\/en\/wp-json\/wp\/v2\/pages\/40707","targetHints":{"allow":["GET"]}}],"collection":[{"href":"https:\/\/drmehmetturkyilmaz.com\/en\/wp-json\/wp\/v2\/pages"}],"about":[{"href":"https:\/\/drmehmetturkyilmaz.com\/en\/wp-json\/wp\/v2\/types\/page"}],"author":[{"embeddable":true,"href":"https:\/\/drmehmetturkyilmaz.com\/en\/wp-json\/wp\/v2\/users\/1"}],"replies":[{"embeddable":true,"href":"https:\/\/drmehmetturkyilmaz.com\/en\/wp-json\/wp\/v2\/comments?post=40707"}],"version-history":[{"count":0,"href":"https:\/\/drmehmetturkyilmaz.com\/en\/wp-json\/wp\/v2\/pages\/40707\/revisions"}],"wp:attachment":[{"href":"https:\/\/drmehmetturkyilmaz.com\/en\/wp-json\/wp\/v2\/media?parent=40707"}],"curies":[{"name":"wp","href":"https:\/\/api.w.org\/{rel}","templated":true}]}}