{"id":40709,"date":"2025-02-07T14:19:15","date_gmt":"2025-02-07T14:19:15","guid":{"rendered":"https:\/\/drmehmetturkyilmaz.com\/?page_id=40709"},"modified":"2025-02-26T11:35:50","modified_gmt":"2025-02-26T11:35:50","slug":"fonksiyonel-burun-ameliyati","status":"publish","type":"page","link":"https:\/\/drmehmetturkyilmaz.com\/en\/fonksiyonel-burun-ameliyati\/","title":{"rendered":"Functional Nose Surgery"},"content":{"rendered":"<div data-elementor-type=\"wp-page\" data-elementor-id=\"40709\" class=\"elementor elementor-40709\" data-elementor-post-type=\"page\">\n\t\t\t\t\t\t<div class=\"elementor-section elementor-top-section elementor-element elementor-element-d8f8228 elementor-section-boxed elementor-section-height-default elementor-section-height-default magic-button-disabled-no\" data-id=\"d8f8228\" data-element_type=\"section\">\n\t\t\t\t\t\t<div class=\"elementor-container elementor-column-gap-default\">\n\t\t\t\t\t<div class=\"elementor-column elementor-col-100 elementor-top-column elementor-element elementor-element-5857f55 layouts-column-align-inherit layouts-section-position-none\" data-id=\"5857f55\" data-element_type=\"column\">\n\t\t\t<div class=\"elementor-widget-wrap elementor-element-populated\">\n\t\t\t\t\t\t<div class=\"hf-elementor-layout elementor-element elementor-element-578bb77 elementor-widget elementor-widget-section_title\" data-id=\"578bb77\" data-element_type=\"widget\" data-widget_type=\"section_title.default\">\n\t\t\t\t<div class=\"elementor-widget-container\">\n\t\t\t\t\t\t<div class=\"iq-title-box iq-befor-line\">\n\t\t<div class=\"iq-title-icon\">\n\t\t\t\t\t<\/div>\n\n\t\t<span class=\"iq-subtitle\">Op. Dr Mehmet T\u00dcRKYILMAZ<\/span>\t\t<h2 class=\"iq-title iq-heading-title\">\n\t\t\t<span class=\"right-text\">Treatments &amp; Procedures<\/span>\n\t\t\t<span class=\"left-text\"><\/span>\n\t\t<\/h2>\n\t\t\t<\/div>\n   \t\t\t\t<\/div>\n\t\t\t\t<\/div>\n\t\t\t\t<div class=\"hf-elementor-layout elementor-element elementor-element-0ef3367 elementor-absolute elementor-hidden-tablet elementor-hidden-phone elementor-widget-tablet__width-initial elementor-widget elementor-widget-Iq_scrolling_text\" data-id=\"0ef3367\" data-element_type=\"widget\" data-settings=\"{&quot;_position&quot;:&quot;absolute&quot;}\" data-widget_type=\"Iq_scrolling_text.default\">\n\t\t\t\t<div class=\"elementor-widget-container\">\n\t\t\t\t\t\n<div class=\"scrolling-text\"  id=\"iq-text128654196569de2efd8c0bf\">\n\n    <div class=\"iq-test\">\n        My Services    <\/div>\n\n<\/div>\n\t\t\t\t<\/div>\n\t\t\t\t<\/div>\n\t\t\t\t<div class=\"elementor-section elementor-inner-section elementor-element elementor-element-a13288e elementor-section-boxed elementor-section-height-default elementor-section-height-default magic-button-disabled-no\" data-id=\"a13288e\" data-element_type=\"section\">\n\t\t\t\t\t\t<div class=\"elementor-container elementor-column-gap-default\">\n\t\t\t\t\t<div class=\"elementor-column elementor-col-33 elementor-inner-column elementor-element elementor-element-876eded layouts-column-align-inherit layouts-section-position-none\" data-id=\"876eded\" data-element_type=\"column\">\n\t\t\t<div class=\"elementor-widget-wrap elementor-element-populated\">\n\t\t\t\t\t\t<div class=\"hf-elementor-layout elementor-element elementor-element-dd217cc elementor-widget elementor-widget-iqonic_fancybox\" data-id=\"dd217cc\" data-element_type=\"widget\" data-widget_type=\"iqonic_fancybox.default\">\n\t\t\t\t<div class=\"elementor-widget-container\">\n\t\t\t\t\t\t<div class=\"iq-fancy-box iq-fancy-box-style-7 text-center\">\n\t\t<div class=\"iq-img-area\">\n\t\t\t<img decoding=\"async\" src=\"https:\/\/drmehmetturkyilmaz.com\/wp-content\/uploads\/2024\/11\/Rinoplasti.png\" title=\"Rhinoplasty\" alt=\"Rinoplasti\" loading=\"lazy\" \/>\t\t<\/div>\n\t\t<div class=\"iq-fancy-box-content\">\n\t\t\t\t\t\t\t<h4 class=\"iq-fancy-title iq-heading-title\"> \n\t\t\t\tSeptoplasty\t\t\t\t<\/h4>\n\n\t\t\t\t\t\t\t\t\t\t<p class=\"fancy-box-content\"> Septoplasty is a surgical procedure to correct the curvature of the septum (nasal wall) in the nose. The curvatures that cause nasal congestion are corrected, thus allowing more comfortable breathing. <\/p>\n\t\t\t\n\t\t\t    <div class=\"iq-btn-container\">\n        <a class=\"iq-button-style-2 iq-btn-link has-icon btn-icon-right\" href=\"https:\/\/drmehmetturkyilmaz.com\/en\/service\/septoplasti-burun-kikirdak-egriligi\/\">\n            <span class=\"iq-btn-text-holder\">Details<\/span><span class=\"iq-btn-icon-holder\">\n                                <i aria-hidden=\"true\" class=\"ion ion-plus\"><\/i>\n                                <\/span>        <\/a>\n    <\/div>\n    \n\t\t<\/div>\n\t<\/div>\n\t\t\t\t<\/div>\n\t\t\t\t<\/div>\n\t\t\t\t\t<\/div>\n\t\t<\/div>\n\t\t\t\t<div class=\"elementor-column elementor-col-33 elementor-inner-column elementor-element elementor-element-5e07494 layouts-column-align-inherit layouts-section-position-none\" data-id=\"5e07494\" data-element_type=\"column\">\n\t\t\t<div class=\"elementor-widget-wrap elementor-element-populated\">\n\t\t\t\t\t\t<div class=\"hf-elementor-layout elementor-element elementor-element-b3e4860 elementor-widget elementor-widget-iqonic_fancybox\" data-id=\"b3e4860\" data-element_type=\"widget\" data-widget_type=\"iqonic_fancybox.default\">\n\t\t\t\t<div class=\"elementor-widget-container\">\n\t\t\t\t\t\t<div class=\"iq-fancy-box iq-fancy-box-style-7 text-center\">\n\t\t<div class=\"iq-img-area\">\n\t\t\t<img decoding=\"async\" src=\"https:\/\/drmehmetturkyilmaz.com\/wp-content\/uploads\/2025\/02\/Alt-Konkalarin-Kuculmesi.png\" title=\"Reduction of the Lower Concha\" alt=\"Alt Konkalar\u0131n K\u00fc\u00e7\u00fclmesi\" loading=\"lazy\" \/>\t\t<\/div>\n\t\t<div class=\"iq-fancy-box-content\">\n\t\t\t\t\t\t\t<h4 class=\"iq-fancy-title iq-heading-title\"> \n\t\t\t\tReduction of the Lower Concha\t\t\t\t<\/h4>\n\n\t\t\t\t\t\t\t\t\t\t<p class=\"fancy-box-content\"> Lower turbinate reduction is the surgical reduction of the structure called turbinate, which is located in the nose and regulates air flow. It is usually applied for patients with nasal congestion and breathing difficulties. This procedure opens the nasal passage and facilitates breathing. <\/p>\n\t\t\t\n\t\t\t    <div class=\"iq-btn-container\">\n        <a class=\"iq-button-style-2 iq-btn-link has-icon btn-icon-right\" href=\"https:\/\/drmehmetturkyilmaz.com\/en\/service\/alt-konkalarin-kucultulmesi\/\">\n            <span class=\"iq-btn-text-holder\">Details<\/span><span class=\"iq-btn-icon-holder\">\n                                <i aria-hidden=\"true\" class=\"ion ion-plus\"><\/i>\n                                <\/span>        <\/a>\n    <\/div>\n    \n\t\t<\/div>\n\t<\/div>\n\t\t\t\t<\/div>\n\t\t\t\t<\/div>\n\t\t\t\t\t<\/div>\n\t\t<\/div>\n\t\t\t\t<div class=\"elementor-column elementor-col-33 elementor-inner-column elementor-element elementor-element-2e42f6f layouts-column-align-inherit layouts-section-position-none\" data-id=\"2e42f6f\" data-element_type=\"column\">\n\t\t\t<div class=\"elementor-widget-wrap elementor-element-populated\">\n\t\t\t\t\t\t<div class=\"hf-elementor-layout elementor-element elementor-element-6985d8e elementor-widget elementor-widget-iqonic_fancybox\" data-id=\"6985d8e\" data-element_type=\"widget\" data-widget_type=\"iqonic_fancybox.default\">\n\t\t\t\t<div class=\"elementor-widget-container\">\n\t\t\t\t\t\t<div class=\"iq-fancy-box iq-fancy-box-style-7 text-center\">\n\t\t<div class=\"iq-img-area\">\n\t\t\t<img decoding=\"async\" src=\"https:\/\/drmehmetturkyilmaz.com\/wp-content\/uploads\/2025\/02\/Nazal-Uclu-Cerrahi.png\" title=\"Nasal Tip Surgery\" alt=\"Nazal U\u00e7lu Cerrahi\" loading=\"lazy\" \/>\t\t<\/div>\n\t\t<div class=\"iq-fancy-box-content\">\n\t\t\t\t\t\t\t<h4 class=\"iq-fancy-title iq-heading-title\"> \n\t\t\t\tNasal Tip Surgery\t\t\t\t<\/h4>\n\n\t\t\t\t\t\t\t\t\t\t<p class=\"fancy-box-content\"> Nasal tip surgery is a surgery performed to correct sagging, widths or deformities at the tip of the nose. It is performed to lift, narrow or shape the tip of the nose. <\/p>\n\t\t\t\n\t\t\t    <div class=\"iq-btn-container\">\n        <a class=\"iq-button-style-2 iq-btn-link has-icon btn-icon-right\" href=\"https:\/\/drmehmetturkyilmaz.com\/en\/service\/nazal-uclu-cerrahi\/\">\n            <span class=\"iq-btn-text-holder\">Details<\/span><span class=\"iq-btn-icon-holder\">\n                                <i aria-hidden=\"true\" class=\"ion ion-plus\"><\/i>\n                                <\/span>        <\/a>\n    <\/div>\n    \n\t\t<\/div>\n\t<\/div>\n\t\t\t\t<\/div>\n\t\t\t\t<\/div>\n\t\t\t\t\t<\/div>\n\t\t<\/div>\n\t\t\t\t\t<\/div>\n\t\t<\/div>\n\t\t\t\t<div class=\"elementor-section elementor-inner-section elementor-element elementor-element-088bd82 elementor-section-boxed elementor-section-height-default elementor-section-height-default magic-button-disabled-no\" data-id=\"088bd82\" data-element_type=\"section\">\n\t\t\t\t\t\t<div class=\"elementor-container elementor-column-gap-default\">\n\t\t\t\t\t<div class=\"elementor-column elementor-col-33 elementor-inner-column elementor-element elementor-element-bc81809 layouts-column-align-inherit layouts-section-position-none\" data-id=\"bc81809\" data-element_type=\"column\">\n\t\t\t<div class=\"elementor-widget-wrap\">\n\t\t\t\t\t\t\t<\/div>\n\t\t<\/div>\n\t\t\t\t<div class=\"elementor-column elementor-col-33 elementor-inner-column elementor-element elementor-element-b4b7a9f layouts-column-align-inherit layouts-section-position-none\" data-id=\"b4b7a9f\" data-element_type=\"column\">\n\t\t\t<div class=\"elementor-widget-wrap elementor-element-populated\">\n\t\t\t\t\t\t<div class=\"hf-elementor-layout elementor-element elementor-element-b97517f elementor-widget elementor-widget-iqonic_fancybox\" data-id=\"b97517f\" data-element_type=\"widget\" data-widget_type=\"iqonic_fancybox.default\">\n\t\t\t\t<div class=\"elementor-widget-container\">\n\t\t\t\t\t\t<div class=\"iq-fancy-box iq-fancy-box-style-7 text-center\">\n\t\t<div class=\"iq-img-area\">\n\t\t\t<img decoding=\"async\" src=\"https:\/\/drmehmetturkyilmaz.com\/wp-content\/uploads\/2025\/02\/Konka-Bulloza-Rezeksiyonu.png\" title=\"Concha Bullosa Resection\" alt=\"Konka B\u00fclloza Rezeksiyonu\" loading=\"lazy\" \/>\t\t<\/div>\n\t\t<div class=\"iq-fancy-box-content\">\n\t\t\t\t\t\t\t<h4 class=\"iq-fancy-title iq-heading-title\"> \n\t\t\t\tEndoscopic Concha Bullosa Resection\t\t\t\t<\/h4>\n\n\t\t\t\t\t\t\t\t\t\t<p class=\"fancy-box-content\"> Endoscopic concha bullosa resection is the endoscopic removal of the structure called concha bullosa, which is located in the nose and prevents air passage. This procedure is performed to relieve nasal congestion and improve respiratory tract health. <\/p>\n\t\t\t\n\t\t\t    <div class=\"iq-btn-container\">\n        <a class=\"iq-button-style-2 iq-btn-link has-icon btn-icon-right\" href=\"https:\/\/drmehmetturkyilmaz.com\/en\/service\/konka-bulloza-cerrahisi\/\">\n            <span class=\"iq-btn-text-holder\">Details<\/span><span class=\"iq-btn-icon-holder\">\n                                <i aria-hidden=\"true\" class=\"ion ion-plus\"><\/i>\n                                <\/span>        <\/a>\n    <\/div>\n    \n\t\t<\/div>\n\t<\/div>\n\t\t\t\t<\/div>\n\t\t\t\t<\/div>\n\t\t\t\t\t<\/div>\n\t\t<\/div>\n\t\t\t\t<div class=\"elementor-column elementor-col-33 elementor-inner-column elementor-element elementor-element-790937f layouts-column-align-inherit layouts-section-position-none\" data-id=\"790937f\" data-element_type=\"column\">\n\t\t\t<div class=\"elementor-widget-wrap\">\n\t\t\t\t\t\t\t<\/div>\n\t\t<\/div>\n\t\t\t\t\t<\/div>\n\t\t<\/div>\n\t\t\t\t\t<\/div>\n\t\t<\/div>\n\t\t\t\t\t<\/div>\n\t\t<\/div>\n\t\t\t\t<\/div>","protected":false},"excerpt":{"rendered":"<p>Op. Dr. Mehmet T\u00dcRKYILMAZ Tedaviler &amp; \u0130\u015flemler Hizmetlerim Septoplasti Septoplasti, burun i\u00e7indeki septum (burun duvar\u0131) e\u011frili\u011fini d\u00fczeltmek amac\u0131yla yap\u0131lan cerrahi bir i\u015flemdir. Burun t\u0131kan\u0131kl\u0131\u011f\u0131na neden olan e\u011frilikler d\u00fczeltilir, b\u00f6ylece daha rahat nefes almay\u0131 sa\u011flar. detaylar Alt Konkalar\u0131n K\u00fc\u00e7\u00fclmesi Alt konka k\u00fc\u00e7\u00fcltme, burun i\u00e7inde bulunan ve hava ak\u0131\u015f\u0131n\u0131 d\u00fczenleyen konka ad\u0131 verilen yap\u0131n\u0131n cerrahi olarak k\u00fc\u00e7\u00fclt\u00fclmesidir. [&hellip;]<\/p>","protected":false},"author":1,"featured_media":0,"parent":0,"menu_order":0,"comment_status":"closed","ping_status":"closed","template":"","meta":{"_acf_changed":false,"footnotes":""},"class_list":["post-40709","page","type-page","status-publish","hentry"],"acf":[],"yoast_head":"<!-- This site is optimized with the Yoast SEO Premium plugin v20.13 (Yoast SEO v24.4) - https:\/\/yoast.com\/wordpress\/plugins\/seo\/ -->\n<title>Fonksiyonel Burun Ameliyat\u0131 | Burun T\u0131kan\u0131kl\u0131\u011f\u0131na Kesin \u00c7\u00f6z\u00fcm<\/title>\n<meta name=\"description\" content=\"Fonksiyonel burun ameliyat\u0131 ile burun t\u0131kan\u0131kl\u0131\u011f\u0131n\u0131 giderin, sa\u011fl\u0131kl\u0131 ve rahat nefes al\u0131n. Salihli ve \u00e7evresinde uzman KBB doktoru ile burun fonksiyonlar\u0131n\u0131z\u0131 iyile\u015ftirin.\" \/>\n<meta name=\"robots\" content=\"index, follow, max-snippet:-1, max-image-preview:large, max-video-preview:-1\" \/>\n<link rel=\"canonical\" href=\"https:\/\/drmehmetturkyilmaz.com\/en\/fonksiyonel-burun-ameliyati\/\" \/>\n<meta property=\"og:locale\" content=\"en_GB\" \/>\n<meta property=\"og:type\" content=\"article\" \/>\n<meta property=\"og:title\" content=\"Fonksiyonel Burun Ameliyat\u0131\" \/>\n<meta property=\"og:description\" content=\"Fonksiyonel burun ameliyat\u0131 ile burun t\u0131kan\u0131kl\u0131\u011f\u0131n\u0131 giderin, sa\u011fl\u0131kl\u0131 ve rahat nefes al\u0131n. Salihli ve \u00e7evresinde uzman KBB doktoru ile burun fonksiyonlar\u0131n\u0131z\u0131 iyile\u015ftirin.\" \/>\n<meta property=\"og:url\" content=\"https:\/\/drmehmetturkyilmaz.com\/en\/fonksiyonel-burun-ameliyati\/\" \/>\n<meta property=\"og:site_name\" content=\"Mehmet T\u00fcrky\u0131lmaz | Rinoplasti | Burun Ameliyatlar\u0131 | KBB\" \/>\n<meta property=\"article:modified_time\" content=\"2025-02-26T11:35:50+00:00\" \/>\n<meta property=\"og:image\" content=\"https:\/\/drmehmetturkyilmaz.com\/wp-content\/uploads\/2024\/11\/Rinoplasti.png\" \/>\n<meta name=\"twitter:card\" content=\"summary_large_image\" \/>\n<meta name=\"twitter:label1\" content=\"Estimated reading time\" \/>\n\t<meta name=\"twitter:data1\" content=\"2 minutes\" \/>\n<script type=\"application\/ld+json\" class=\"yoast-schema-graph\">{\"@context\":\"https:\/\/schema.org\",\"@graph\":[{\"@type\":\"WebPage\",\"@id\":\"https:\/\/drmehmetturkyilmaz.com\/fonksiyonel-burun-ameliyati\/\",\"url\":\"https:\/\/drmehmetturkyilmaz.com\/fonksiyonel-burun-ameliyati\/\",\"name\":\"Fonksiyonel Burun Ameliyat\u0131 | Burun T\u0131kan\u0131kl\u0131\u011f\u0131na Kesin \u00c7\u00f6z\u00fcm\",\"isPartOf\":{\"@id\":\"https:\/\/drmehmetturkyilmaz.com\/#website\"},\"primaryImageOfPage\":{\"@id\":\"https:\/\/drmehmetturkyilmaz.com\/fonksiyonel-burun-ameliyati\/#primaryimage\"},\"image\":{\"@id\":\"https:\/\/drmehmetturkyilmaz.com\/fonksiyonel-burun-ameliyati\/#primaryimage\"},\"thumbnailUrl\":\"https:\/\/drmehmetturkyilmaz.com\/wp-content\/uploads\/2024\/11\/Rinoplasti.png\",\"datePublished\":\"2025-02-07T14:19:15+00:00\",\"dateModified\":\"2025-02-26T11:35:50+00:00\",\"description\":\"Fonksiyonel burun ameliyat\u0131 ile burun t\u0131kan\u0131kl\u0131\u011f\u0131n\u0131 giderin, sa\u011fl\u0131kl\u0131 ve rahat nefes al\u0131n. Salihli ve \u00e7evresinde uzman KBB doktoru ile burun fonksiyonlar\u0131n\u0131z\u0131 iyile\u015ftirin.\",\"breadcrumb\":{\"@id\":\"https:\/\/drmehmetturkyilmaz.com\/fonksiyonel-burun-ameliyati\/#breadcrumb\"},\"inLanguage\":\"en-GB\",\"potentialAction\":[{\"@type\":\"ReadAction\",\"target\":[\"https:\/\/drmehmetturkyilmaz.com\/fonksiyonel-burun-ameliyati\/\"]}]},{\"@type\":\"ImageObject\",\"inLanguage\":\"en-GB\",\"@id\":\"https:\/\/drmehmetturkyilmaz.com\/fonksiyonel-burun-ameliyati\/#primaryimage\",\"url\":\"https:\/\/drmehmetturkyilmaz.com\/wp-content\/uploads\/2024\/11\/Rinoplasti.png\",\"contentUrl\":\"https:\/\/drmehmetturkyilmaz.com\/wp-content\/uploads\/2024\/11\/Rinoplasti.png\"},{\"@type\":\"BreadcrumbList\",\"@id\":\"https:\/\/drmehmetturkyilmaz.com\/fonksiyonel-burun-ameliyati\/#breadcrumb\",\"itemListElement\":[{\"@type\":\"ListItem\",\"position\":1,\"name\":\"Home\",\"item\":\"https:\/\/drmehmetturkyilmaz.com\/\"},{\"@type\":\"ListItem\",\"position\":2,\"name\":\"Fonksiyonel Burun Ameliyat\u0131\"}]},{\"@type\":\"WebSite\",\"@id\":\"https:\/\/drmehmetturkyilmaz.com\/#website\",\"url\":\"https:\/\/drmehmetturkyilmaz.com\/\",\"name\":\"Mehmet T\u00fcrky\u0131lmaz | Rinoplasti | Burun Ameliyatlar\u0131 | KBB\",\"description\":\"Op.Dr. Mehmet T\u00fcrky\u0131lmaz\",\"publisher\":{\"@id\":\"https:\/\/drmehmetturkyilmaz.com\/#organization\"},\"alternateName\":\"Salihli KBB, Salihli Rinoplasti, Salihli Burun Ameliyat\u0131\",\"potentialAction\":[{\"@type\":\"SearchAction\",\"target\":{\"@type\":\"EntryPoint\",\"urlTemplate\":\"https:\/\/drmehmetturkyilmaz.com\/?s={search_term_string}\"},\"query-input\":{\"@type\":\"PropertyValueSpecification\",\"valueRequired\":true,\"valueName\":\"search_term_string\"}}],\"inLanguage\":\"en-GB\"},{\"@type\":\"Organization\",\"@id\":\"https:\/\/drmehmetturkyilmaz.com\/#organization\",\"name\":\"Mehmet T\u00fcrky\u0131lmaz | Rinoplasti | Burun Ameliyatlar\u0131 | KBB\",\"url\":\"https:\/\/drmehmetturkyilmaz.com\/\",\"logo\":{\"@type\":\"ImageObject\",\"inLanguage\":\"en-GB\",\"@id\":\"https:\/\/drmehmetturkyilmaz.com\/#\/schema\/logo\/image\/\",\"url\":\"https:\/\/drmehmetturkyilmaz.com\/wp-content\/uploads\/2025\/02\/Adsiz-tasarim.png\",\"contentUrl\":\"https:\/\/drmehmetturkyilmaz.com\/wp-content\/uploads\/2025\/02\/Adsiz-tasarim.png\",\"width\":1080,\"height\":1080,\"caption\":\"Mehmet T\u00fcrky\u0131lmaz | Rinoplasti | Burun Ameliyatlar\u0131 | KBB\"},\"image\":{\"@id\":\"https:\/\/drmehmetturkyilmaz.com\/#\/schema\/logo\/image\/\"}}]}<\/script>\n<!-- \/ Yoast SEO Premium plugin. -->","yoast_head_json":{"title":"Fonksiyonel Burun Ameliyat\u0131 | Burun T\u0131kan\u0131kl\u0131\u011f\u0131na Kesin \u00c7\u00f6z\u00fcm","description":"Fonksiyonel burun ameliyat\u0131 ile burun t\u0131kan\u0131kl\u0131\u011f\u0131n\u0131 giderin, sa\u011fl\u0131kl\u0131 ve rahat nefes al\u0131n. Salihli ve \u00e7evresinde uzman KBB doktoru ile burun fonksiyonlar\u0131n\u0131z\u0131 iyile\u015ftirin.","robots":{"index":"index","follow":"follow","max-snippet":"max-snippet:-1","max-image-preview":"max-image-preview:large","max-video-preview":"max-video-preview:-1"},"canonical":"https:\/\/drmehmetturkyilmaz.com\/en\/fonksiyonel-burun-ameliyati\/","og_locale":"en_GB","og_type":"article","og_title":"Fonksiyonel Burun Ameliyat\u0131","og_description":"Fonksiyonel burun ameliyat\u0131 ile burun t\u0131kan\u0131kl\u0131\u011f\u0131n\u0131 giderin, sa\u011fl\u0131kl\u0131 ve rahat nefes al\u0131n. Salihli ve \u00e7evresinde uzman KBB doktoru ile burun fonksiyonlar\u0131n\u0131z\u0131 iyile\u015ftirin.","og_url":"https:\/\/drmehmetturkyilmaz.com\/en\/fonksiyonel-burun-ameliyati\/","og_site_name":"Mehmet T\u00fcrky\u0131lmaz | Rinoplasti | Burun Ameliyatlar\u0131 | KBB","article_modified_time":"2025-02-26T11:35:50+00:00","og_image":[{"url":"https:\/\/drmehmetturkyilmaz.com\/wp-content\/uploads\/2024\/11\/Rinoplasti.png","type":"","width":"","height":""}],"twitter_card":"summary_large_image","twitter_misc":{"Estimated reading time":"2 minutes"},"schema":{"@context":"https:\/\/schema.org","@graph":[{"@type":"WebPage","@id":"https:\/\/drmehmetturkyilmaz.com\/fonksiyonel-burun-ameliyati\/","url":"https:\/\/drmehmetturkyilmaz.com\/fonksiyonel-burun-ameliyati\/","name":"Fonksiyonel Burun Ameliyat\u0131 | Burun T\u0131kan\u0131kl\u0131\u011f\u0131na Kesin \u00c7\u00f6z\u00fcm","isPartOf":{"@id":"https:\/\/drmehmetturkyilmaz.com\/#website"},"primaryImageOfPage":{"@id":"https:\/\/drmehmetturkyilmaz.com\/fonksiyonel-burun-ameliyati\/#primaryimage"},"image":{"@id":"https:\/\/drmehmetturkyilmaz.com\/fonksiyonel-burun-ameliyati\/#primaryimage"},"thumbnailUrl":"https:\/\/drmehmetturkyilmaz.com\/wp-content\/uploads\/2024\/11\/Rinoplasti.png","datePublished":"2025-02-07T14:19:15+00:00","dateModified":"2025-02-26T11:35:50+00:00","description":"Fonksiyonel burun ameliyat\u0131 ile burun t\u0131kan\u0131kl\u0131\u011f\u0131n\u0131 giderin, sa\u011fl\u0131kl\u0131 ve rahat nefes al\u0131n. Salihli ve \u00e7evresinde uzman KBB doktoru ile burun fonksiyonlar\u0131n\u0131z\u0131 iyile\u015ftirin.","breadcrumb":{"@id":"https:\/\/drmehmetturkyilmaz.com\/fonksiyonel-burun-ameliyati\/#breadcrumb"},"inLanguage":"en-GB","potentialAction":[{"@type":"ReadAction","target":["https:\/\/drmehmetturkyilmaz.com\/fonksiyonel-burun-ameliyati\/"]}]},{"@type":"ImageObject","inLanguage":"en-GB","@id":"https:\/\/drmehmetturkyilmaz.com\/fonksiyonel-burun-ameliyati\/#primaryimage","url":"https:\/\/drmehmetturkyilmaz.com\/wp-content\/uploads\/2024\/11\/Rinoplasti.png","contentUrl":"https:\/\/drmehmetturkyilmaz.com\/wp-content\/uploads\/2024\/11\/Rinoplasti.png"},{"@type":"BreadcrumbList","@id":"https:\/\/drmehmetturkyilmaz.com\/fonksiyonel-burun-ameliyati\/#breadcrumb","itemListElement":[{"@type":"ListItem","position":1,"name":"Home","item":"https:\/\/drmehmetturkyilmaz.com\/"},{"@type":"ListItem","position":2,"name":"Fonksiyonel Burun Ameliyat\u0131"}]},{"@type":"WebSite","@id":"https:\/\/drmehmetturkyilmaz.com\/#website","url":"https:\/\/drmehmetturkyilmaz.com\/","name":"Mehmet T\u00fcrky\u0131lmaz | Rinoplasti | Burun Ameliyatlar\u0131 | KBB","description":"Op.Dr. Mehmet T\u00fcrky\u0131lmaz","publisher":{"@id":"https:\/\/drmehmetturkyilmaz.com\/#organization"},"alternateName":"Salihli KBB, Salihli Rinoplasti, Salihli Burun Ameliyat\u0131","potentialAction":[{"@type":"SearchAction","target":{"@type":"EntryPoint","urlTemplate":"https:\/\/drmehmetturkyilmaz.com\/?s={search_term_string}"},"query-input":{"@type":"PropertyValueSpecification","valueRequired":true,"valueName":"search_term_string"}}],"inLanguage":"en-GB"},{"@type":"Organization","@id":"https:\/\/drmehmetturkyilmaz.com\/#organization","name":"Mehmet T\u00fcrky\u0131lmaz | Rinoplasti | Burun Ameliyatlar\u0131 | KBB","url":"https:\/\/drmehmetturkyilmaz.com\/","logo":{"@type":"ImageObject","inLanguage":"en-GB","@id":"https:\/\/drmehmetturkyilmaz.com\/#\/schema\/logo\/image\/","url":"https:\/\/drmehmetturkyilmaz.com\/wp-content\/uploads\/2025\/02\/Adsiz-tasarim.png","contentUrl":"https:\/\/drmehmetturkyilmaz.com\/wp-content\/uploads\/2025\/02\/Adsiz-tasarim.png","width":1080,"height":1080,"caption":"Mehmet T\u00fcrky\u0131lmaz | Rinoplasti | Burun Ameliyatlar\u0131 | KBB"},"image":{"@id":"https:\/\/drmehmetturkyilmaz.com\/#\/schema\/logo\/image\/"}}]}},"_links":{"self":[{"href":"https:\/\/drmehmetturkyilmaz.com\/en\/wp-json\/wp\/v2\/pages\/40709","targetHints":{"allow":["GET"]}}],"collection":[{"href":"https:\/\/drmehmetturkyilmaz.com\/en\/wp-json\/wp\/v2\/pages"}],"about":[{"href":"https:\/\/drmehmetturkyilmaz.com\/en\/wp-json\/wp\/v2\/types\/page"}],"author":[{"embeddable":true,"href":"https:\/\/drmehmetturkyilmaz.com\/en\/wp-json\/wp\/v2\/users\/1"}],"replies":[{"embeddable":true,"href":"https:\/\/drmehmetturkyilmaz.com\/en\/wp-json\/wp\/v2\/comments?post=40709"}],"version-history":[{"count":0,"href":"https:\/\/drmehmetturkyilmaz.com\/en\/wp-json\/wp\/v2\/pages\/40709\/revisions"}],"wp:attachment":[{"href":"https:\/\/drmehmetturkyilmaz.com\/en\/wp-json\/wp\/v2\/media?parent=40709"}],"curies":[{"name":"wp","href":"https:\/\/api.w.org\/{rel}","templated":true}]}}