{"id":9700,"date":"2022-03-15T06:31:22","date_gmt":"2022-03-15T06:31:22","guid":{"rendered":"http:\/\/dev.iqonic.design\/kivicare-latest\/?page_id=9700"},"modified":"2024-11-29T12:31:37","modified_gmt":"2024-11-29T12:31:37","slug":"giris-yap","status":"publish","type":"page","link":"https:\/\/drmehmetturkyilmaz.com\/en\/giris-yap\/","title":{"rendered":"Log In"},"content":{"rendered":"<div data-elementor-type=\"wp-page\" data-elementor-id=\"9700\" class=\"elementor elementor-9700\" data-elementor-post-type=\"page\">\n\t\t\t\t\t\t<div class=\"elementor-section elementor-top-section elementor-element elementor-element-415967f5 elementor-section-stretched elementor-section-full_width elementor-section-height-full elementor-section-height-default elementor-section-items-middle magic-button-disabled-no\" data-id=\"415967f5\" data-element_type=\"section\" data-e-type=\"section\" data-settings=\"{&quot;stretch_section&quot;:&quot;section-stretched&quot;,&quot;background_background&quot;:&quot;classic&quot;}\">\n\t\t\t\t\t\t\t<div class=\"elementor-background-overlay\"><\/div>\n\t\t\t\t\t\t\t<div class=\"elementor-container elementor-column-gap-default\">\n\t\t\t\t\t<div class=\"elementor-column elementor-col-100 elementor-top-column elementor-element elementor-element-423ececc layouts-column-align-inherit layouts-section-position-none\" data-id=\"423ececc\" data-element_type=\"column\" data-e-type=\"column\">\n\t\t\t<div class=\"elementor-widget-wrap elementor-element-populated\">\n\t\t\t\t\t\t<div class=\"elementor-section elementor-inner-section elementor-element elementor-element-3375d08e elementor-section-content-middle elementor-section-boxed elementor-section-height-default elementor-section-height-default magic-button-disabled-no\" data-id=\"3375d08e\" data-element_type=\"section\" data-e-type=\"section\">\n\t\t\t\t\t\t<div class=\"elementor-container elementor-column-gap-default\">\n\t\t\t\t\t<div class=\"elementor-column elementor-col-33 elementor-inner-column elementor-element elementor-element-108bd4d7 layouts-column-align-inherit layouts-section-position-none\" data-id=\"108bd4d7\" data-element_type=\"column\" data-e-type=\"column\">\n\t\t\t<div class=\"elementor-widget-wrap\">\n\t\t\t\t\t\t\t<\/div>\n\t\t<\/div>\n\t\t\t\t<div class=\"elementor-column elementor-col-33 elementor-inner-column elementor-element elementor-element-2ef472f0 layouts-column-align-inherit layouts-section-position-none\" data-id=\"2ef472f0\" data-element_type=\"column\" data-e-type=\"column\" data-settings=\"{&quot;background_background&quot;:&quot;classic&quot;}\">\n\t\t\t<div class=\"elementor-widget-wrap elementor-element-populated\">\n\t\t\t\t\t\t<div class=\"hf-elementor-layout elementor-element elementor-element-021624b elementor-widget elementor-widget-iqonic_woocommerce_login\" data-id=\"021624b\" data-element_type=\"widget\" data-e-type=\"widget\" data-widget_type=\"iqonic_woocommerce_login.default\">\n\t\t\t\t<div class=\"elementor-widget-container\">\n\t\t\t\t\t<div class=\"kivicare-woocommerce-custom-form\">\n    \n        <a class=\"navbar-brand\" href=\"https:\/\/drmehmetturkyilmaz.com\/en\/\">\n                                <img decoding=\"async\" class=\"img-fluid logo\" src=\"https:\/\/wordpress.iqonic.design\/product\/wp\/kivicare\/wp-content\/themes\/kivicare-theme\/assets\/images\/logo.png\" alt=\"kivicare\">\n                            <\/a>\n            \n    <form class=\"woocommerce-form woocommerce-form-login login\" method=\"post\" action=\"\">\n\n        \n        <p class=\"woocommerce-form-row woocommerce-form-row--wide form-row form-row-wide\">\n            <label for=\"username\">Username or email address&nbsp;<span class=\"required\">*<\/span><\/label>\n            <input type=\"text\" required class=\"woocommerce-Input woocommerce-Input--text input-text\" name=\"username\" id=\"username\" autocomplete=\"username\" value=\"\" \/>\n        <\/p>\n        <p class=\"woocommerce-form-row woocommerce-form-row--wide form-row form-row-wide\">\n            <label for=\"password\">Password&nbsp;<span class=\"required\">*<\/span><\/label>\n            <input class=\"woocommerce-Input woocommerce-Input--text input-text\" type=\"password\" required name=\"password\" id=\"password\" autocomplete=\"current-password\" \/>\n        <\/p>\n\n        \n        <div class=\"login-inner\">\n            <div class=\"kivicare-check\">\n                <label class=\"woocommerce-form__label woocommerce-form__label-for-checkbox inline\">\n                    <input class=\"woocommerce-form__input woocommerce-form__input-checkbox\" name=\"rememberme\" type=\"checkbox\" id=\"rememberme\" value=\"forever\" \/><span class=\"checkmark\"><\/span>\n                    <span class=\"text-check\">Remember me<\/span>\n                <\/label>\n            <\/div>\n            <p class=\"woocommerce-LostPassword lost_password\">\n                <a href=\"https:\/\/drmehmetturkyilmaz.com\/en\/turkyilmaz45\/?action=lostpassword\">Forgot Password?<\/a>\n            <\/p>\n        <\/div>\n\n        <p class=\"form-row form-submit-btn\">\n            <input type=\"hidden\" id=\"woocommerce-login-nonce\" name=\"woocommerce-login-nonce\" value=\"185118f88e\" \/><input type=\"hidden\" name=\"_wp_http_referer\" value=\"\/en\/wp-json\/wp\/v2\/pages\/9700\" \/>            <!-- login button -->\n            <button type=\"submit\" class=\"iq-new-btn-style iq-button-style-2 woocommerce-Button\" name=\"login\" value=\"Log in\">\n                <span class=\"iq-btn-text-holder\">Log in<\/span><span class=\"iq-btn-icon-holder\"><i aria-hidden=\"true\" class=\"ion ion-plus\"><\/i><\/span>\n            <\/button>\n        <\/p>\n\n        <div class=\"sign-link d-flex align-items-center\">\n            <p class=\"my-0\">Don't have an account yet?<\/p>\n            <h5 class=\"sign_up_text mb-0 ms-2\"><a class=\"iq-button iq-btn-link iq-btn-link-new has-icon btn-icon-right\" href=\"https:\/\/drmehmetturkyilmaz.com\/en\/giris-yap\/\">Sign Up<\/a><\/h5>\n        <\/div>\n\n        \n    <input type=\"hidden\" name=\"trp-form-language\" value=\"en\"\/><\/form>\n<\/div>\t\t\t\t<\/div>\n\t\t\t\t<\/div>\n\t\t\t\t\t<\/div>\n\t\t<\/div>\n\t\t\t\t<div class=\"elementor-column elementor-col-33 elementor-inner-column elementor-element elementor-element-2fa6e0e6 layouts-column-align-inherit layouts-section-position-none\" data-id=\"2fa6e0e6\" data-element_type=\"column\" data-e-type=\"column\">\n\t\t\t<div class=\"elementor-widget-wrap\">\n\t\t\t\t\t\t\t<\/div>\n\t\t<\/div>\n\t\t\t\t\t<\/div>\n\t\t<\/div>\n\t\t\t\t\t<\/div>\n\t\t<\/div>\n\t\t\t\t\t<\/div>\n\t\t<\/div>\n\t\t\t\t<\/div>","protected":false},"excerpt":{"rendered":"<p>Note: You are already logged in to your account<\/p>","protected":false},"author":1,"featured_media":0,"parent":0,"menu_order":0,"comment_status":"closed","ping_status":"closed","template":"","meta":{"_acf_changed":false,"footnotes":""},"class_list":["post-9700","page","type-page","status-publish","hentry"],"acf":[],"yoast_head":"<!-- This site is optimized with the Yoast SEO Premium plugin v20.13 (Yoast SEO v24.4) - https:\/\/yoast.com\/wordpress\/plugins\/seo\/ -->\n<title>Giri\u015f Yap - Mehmet T\u00fcrky\u0131lmaz | Rinoplasti | Burun Ameliyatlar\u0131 | KBB<\/title>\n<meta name=\"robots\" content=\"index, follow, max-snippet:-1, max-image-preview:large, max-video-preview:-1\" \/>\n<link rel=\"canonical\" href=\"https:\/\/drmehmetturkyilmaz.com\/en\/giris-yap\/\" \/>\n<meta property=\"og:locale\" content=\"en_GB\" \/>\n<meta property=\"og:type\" content=\"article\" \/>\n<meta property=\"og:title\" content=\"Giri\u015f Yap\" \/>\n<meta property=\"og:description\" content=\"Note: You are already logged in to your account\" \/>\n<meta property=\"og:url\" content=\"https:\/\/drmehmetturkyilmaz.com\/en\/giris-yap\/\" \/>\n<meta property=\"og:site_name\" content=\"Mehmet T\u00fcrky\u0131lmaz | Rinoplasti | Burun Ameliyatlar\u0131 | KBB\" \/>\n<meta property=\"article:modified_time\" content=\"2024-11-29T12:31:37+00:00\" \/>\n<meta property=\"og:image\" content=\"https:\/\/wordpress.iqonic.design\/product\/wp\/kivicare\/wp-content\/themes\/kivicare-theme\/assets\/images\/logo.png\" \/>\n<meta name=\"twitter:card\" content=\"summary_large_image\" \/>\n<script type=\"application\/ld+json\" class=\"yoast-schema-graph\">{\"@context\":\"https:\/\/schema.org\",\"@graph\":[{\"@type\":\"WebPage\",\"@id\":\"https:\/\/drmehmetturkyilmaz.com\/giris-yap\/\",\"url\":\"https:\/\/drmehmetturkyilmaz.com\/giris-yap\/\",\"name\":\"Giri\u015f Yap - Mehmet T\u00fcrky\u0131lmaz | Rinoplasti | Burun Ameliyatlar\u0131 | KBB\",\"isPartOf\":{\"@id\":\"https:\/\/drmehmetturkyilmaz.com\/#website\"},\"primaryImageOfPage\":{\"@id\":\"https:\/\/drmehmetturkyilmaz.com\/giris-yap\/#primaryimage\"},\"image\":{\"@id\":\"https:\/\/drmehmetturkyilmaz.com\/giris-yap\/#primaryimage\"},\"thumbnailUrl\":\"https:\/\/wordpress.iqonic.design\/product\/wp\/kivicare\/wp-content\/themes\/kivicare-theme\/assets\/images\/logo.png\",\"datePublished\":\"2022-03-15T06:31:22+00:00\",\"dateModified\":\"2024-11-29T12:31:37+00:00\",\"breadcrumb\":{\"@id\":\"https:\/\/drmehmetturkyilmaz.com\/giris-yap\/#breadcrumb\"},\"inLanguage\":\"en-GB\",\"potentialAction\":[{\"@type\":\"ReadAction\",\"target\":[\"https:\/\/drmehmetturkyilmaz.com\/giris-yap\/\"]}]},{\"@type\":\"ImageObject\",\"inLanguage\":\"en-GB\",\"@id\":\"https:\/\/drmehmetturkyilmaz.com\/giris-yap\/#primaryimage\",\"url\":\"https:\/\/wordpress.iqonic.design\/product\/wp\/kivicare\/wp-content\/themes\/kivicare-theme\/assets\/images\/logo.png\",\"contentUrl\":\"https:\/\/wordpress.iqonic.design\/product\/wp\/kivicare\/wp-content\/themes\/kivicare-theme\/assets\/images\/logo.png\"},{\"@type\":\"BreadcrumbList\",\"@id\":\"https:\/\/drmehmetturkyilmaz.com\/giris-yap\/#breadcrumb\",\"itemListElement\":[{\"@type\":\"ListItem\",\"position\":1,\"name\":\"Home\",\"item\":\"https:\/\/drmehmetturkyilmaz.com\/\"},{\"@type\":\"ListItem\",\"position\":2,\"name\":\"Giri\u015f Yap\"}]},{\"@type\":\"WebSite\",\"@id\":\"https:\/\/drmehmetturkyilmaz.com\/#website\",\"url\":\"https:\/\/drmehmetturkyilmaz.com\/\",\"name\":\"Mehmet T\u00fcrky\u0131lmaz | Rinoplasti | Burun Ameliyatlar\u0131 | KBB\",\"description\":\"Op.Dr. Mehmet T\u00fcrky\u0131lmaz\",\"publisher\":{\"@id\":\"https:\/\/drmehmetturkyilmaz.com\/#organization\"},\"alternateName\":\"Salihli KBB, Salihli Rinoplasti, Salihli Burun Ameliyat\u0131\",\"potentialAction\":[{\"@type\":\"SearchAction\",\"target\":{\"@type\":\"EntryPoint\",\"urlTemplate\":\"https:\/\/drmehmetturkyilmaz.com\/?s={search_term_string}\"},\"query-input\":{\"@type\":\"PropertyValueSpecification\",\"valueRequired\":true,\"valueName\":\"search_term_string\"}}],\"inLanguage\":\"en-GB\"},{\"@type\":\"Organization\",\"@id\":\"https:\/\/drmehmetturkyilmaz.com\/#organization\",\"name\":\"Mehmet T\u00fcrky\u0131lmaz | Rinoplasti | Burun Ameliyatlar\u0131 | KBB\",\"url\":\"https:\/\/drmehmetturkyilmaz.com\/\",\"logo\":{\"@type\":\"ImageObject\",\"inLanguage\":\"en-GB\",\"@id\":\"https:\/\/drmehmetturkyilmaz.com\/#\/schema\/logo\/image\/\",\"url\":\"https:\/\/drmehmetturkyilmaz.com\/wp-content\/uploads\/2025\/02\/Adsiz-tasarim.png\",\"contentUrl\":\"https:\/\/drmehmetturkyilmaz.com\/wp-content\/uploads\/2025\/02\/Adsiz-tasarim.png\",\"width\":1080,\"height\":1080,\"caption\":\"Mehmet T\u00fcrky\u0131lmaz | Rinoplasti | Burun Ameliyatlar\u0131 | KBB\"},\"image\":{\"@id\":\"https:\/\/drmehmetturkyilmaz.com\/#\/schema\/logo\/image\/\"}}]}<\/script>\n<!-- \/ Yoast SEO Premium plugin. -->","yoast_head_json":{"title":"Giri\u015f Yap - Mehmet T\u00fcrky\u0131lmaz | Rinoplasti | Burun Ameliyatlar\u0131 | KBB","robots":{"index":"index","follow":"follow","max-snippet":"max-snippet:-1","max-image-preview":"max-image-preview:large","max-video-preview":"max-video-preview:-1"},"canonical":"https:\/\/drmehmetturkyilmaz.com\/en\/giris-yap\/","og_locale":"en_GB","og_type":"article","og_title":"Giri\u015f Yap","og_description":"Note: You are already logged in to your account","og_url":"https:\/\/drmehmetturkyilmaz.com\/en\/giris-yap\/","og_site_name":"Mehmet T\u00fcrky\u0131lmaz | Rinoplasti | Burun Ameliyatlar\u0131 | KBB","article_modified_time":"2024-11-29T12:31:37+00:00","og_image":[{"url":"https:\/\/wordpress.iqonic.design\/product\/wp\/kivicare\/wp-content\/themes\/kivicare-theme\/assets\/images\/logo.png","type":"","width":"","height":""}],"twitter_card":"summary_large_image","schema":{"@context":"https:\/\/schema.org","@graph":[{"@type":"WebPage","@id":"https:\/\/drmehmetturkyilmaz.com\/giris-yap\/","url":"https:\/\/drmehmetturkyilmaz.com\/giris-yap\/","name":"Giri\u015f Yap - Mehmet T\u00fcrky\u0131lmaz | Rinoplasti | Burun Ameliyatlar\u0131 | KBB","isPartOf":{"@id":"https:\/\/drmehmetturkyilmaz.com\/#website"},"primaryImageOfPage":{"@id":"https:\/\/drmehmetturkyilmaz.com\/giris-yap\/#primaryimage"},"image":{"@id":"https:\/\/drmehmetturkyilmaz.com\/giris-yap\/#primaryimage"},"thumbnailUrl":"https:\/\/wordpress.iqonic.design\/product\/wp\/kivicare\/wp-content\/themes\/kivicare-theme\/assets\/images\/logo.png","datePublished":"2022-03-15T06:31:22+00:00","dateModified":"2024-11-29T12:31:37+00:00","breadcrumb":{"@id":"https:\/\/drmehmetturkyilmaz.com\/giris-yap\/#breadcrumb"},"inLanguage":"en-GB","potentialAction":[{"@type":"ReadAction","target":["https:\/\/drmehmetturkyilmaz.com\/giris-yap\/"]}]},{"@type":"ImageObject","inLanguage":"en-GB","@id":"https:\/\/drmehmetturkyilmaz.com\/giris-yap\/#primaryimage","url":"https:\/\/wordpress.iqonic.design\/product\/wp\/kivicare\/wp-content\/themes\/kivicare-theme\/assets\/images\/logo.png","contentUrl":"https:\/\/wordpress.iqonic.design\/product\/wp\/kivicare\/wp-content\/themes\/kivicare-theme\/assets\/images\/logo.png"},{"@type":"BreadcrumbList","@id":"https:\/\/drmehmetturkyilmaz.com\/giris-yap\/#breadcrumb","itemListElement":[{"@type":"ListItem","position":1,"name":"Home","item":"https:\/\/drmehmetturkyilmaz.com\/"},{"@type":"ListItem","position":2,"name":"Giri\u015f Yap"}]},{"@type":"WebSite","@id":"https:\/\/drmehmetturkyilmaz.com\/#website","url":"https:\/\/drmehmetturkyilmaz.com\/","name":"Mehmet T\u00fcrky\u0131lmaz | Rinoplasti | Burun Ameliyatlar\u0131 | KBB","description":"Op.Dr. Mehmet T\u00fcrky\u0131lmaz","publisher":{"@id":"https:\/\/drmehmetturkyilmaz.com\/#organization"},"alternateName":"Salihli KBB, Salihli Rinoplasti, Salihli Burun Ameliyat\u0131","potentialAction":[{"@type":"SearchAction","target":{"@type":"EntryPoint","urlTemplate":"https:\/\/drmehmetturkyilmaz.com\/?s={search_term_string}"},"query-input":{"@type":"PropertyValueSpecification","valueRequired":true,"valueName":"search_term_string"}}],"inLanguage":"en-GB"},{"@type":"Organization","@id":"https:\/\/drmehmetturkyilmaz.com\/#organization","name":"Mehmet T\u00fcrky\u0131lmaz | Rinoplasti | Burun Ameliyatlar\u0131 | KBB","url":"https:\/\/drmehmetturkyilmaz.com\/","logo":{"@type":"ImageObject","inLanguage":"en-GB","@id":"https:\/\/drmehmetturkyilmaz.com\/#\/schema\/logo\/image\/","url":"https:\/\/drmehmetturkyilmaz.com\/wp-content\/uploads\/2025\/02\/Adsiz-tasarim.png","contentUrl":"https:\/\/drmehmetturkyilmaz.com\/wp-content\/uploads\/2025\/02\/Adsiz-tasarim.png","width":1080,"height":1080,"caption":"Mehmet T\u00fcrky\u0131lmaz | Rinoplasti | Burun Ameliyatlar\u0131 | KBB"},"image":{"@id":"https:\/\/drmehmetturkyilmaz.com\/#\/schema\/logo\/image\/"}}]}},"_links":{"self":[{"href":"https:\/\/drmehmetturkyilmaz.com\/en\/wp-json\/wp\/v2\/pages\/9700","targetHints":{"allow":["GET"]}}],"collection":[{"href":"https:\/\/drmehmetturkyilmaz.com\/en\/wp-json\/wp\/v2\/pages"}],"about":[{"href":"https:\/\/drmehmetturkyilmaz.com\/en\/wp-json\/wp\/v2\/types\/page"}],"author":[{"embeddable":true,"href":"https:\/\/drmehmetturkyilmaz.com\/en\/wp-json\/wp\/v2\/users\/1"}],"replies":[{"embeddable":true,"href":"https:\/\/drmehmetturkyilmaz.com\/en\/wp-json\/wp\/v2\/comments?post=9700"}],"version-history":[{"count":0,"href":"https:\/\/drmehmetturkyilmaz.com\/en\/wp-json\/wp\/v2\/pages\/9700\/revisions"}],"wp:attachment":[{"href":"https:\/\/drmehmetturkyilmaz.com\/en\/wp-json\/wp\/v2\/media?parent=9700"}],"curies":[{"name":"wp","href":"https:\/\/api.w.org\/{rel}","templated":true}]}}